{"id":160,"date":"2020-12-23T11:53:50","date_gmt":"2020-12-23T10:53:50","guid":{"rendered":"http:\/\/lrufdqb.cluster030.hosting.ovh.net\/?page_id=160"},"modified":"2025-10-24T16:39:00","modified_gmt":"2025-10-24T14:39:00","slug":"activites","status":"publish","type":"page","link":"https:\/\/www.louistissot.net\/?page_id=160","title":{"rendered":"Activit\u00e9s"},"content":{"rendered":"<table width=\"100%\" cellspacing=\"0\" cellpadding=\"0\">\n<tbody>\n<tr>\n<td align=\"left\">\n<p style=\"text-align: center;\"><img src=\"\/wp-content\/uploads\/2020\/12\/461772.png\" \/><img src=\"\/wp-content\/uploads\/2020\/12\/459801.gif\" \/><\/p>\n<h3 style=\"text-align: left;\"><span style=\"font-family: georgia,palatino; font-size: small;\"><a href=\"https:\/\/www.louistissot.net\/?page_id=455\">\u00a0<strong>TOUT EN UNIT\u00c9<\/strong><\/a><strong>\u00a0\u00a0\u00a0 <\/strong><\/span><\/h3>\n<h3 style=\"text-align: left;\"><strong><span style=\"font-family: georgia,palatino; font-size: small;\">S&rsquo;Identifier \u00e0 l&rsquo;Inconnaissable,<\/span><\/strong><br \/>\n<strong><span style=\"font-family: georgia,palatino; font-size: small;\">c&rsquo;est \u00catre Vraiment Soi<\/span><\/strong><br \/>\n<strong><span style=\"font-family: georgia,palatino; font-size: small;\">dans Le Plein d&rsquo;Amour<\/span><\/strong><br \/>\n<strong><span style=\"font-family: georgia,palatino; font-size: small;\">pour \u00eatre Utile,<\/span><\/strong><br \/>\n<strong><span style=\"font-family: georgia,palatino; font-size: small;\">Accompagner,<\/span><\/strong><br \/>\n<strong><span style=\"font-family: georgia,palatino; font-size: small;\">Transmettre,<\/span><\/strong><br \/>\n<strong><span style=\"font-family: georgia,palatino; font-size: small;\">et Servir.<\/span><\/strong><\/h3>\n<h3 style=\"text-align: left;\"><strong><a title=\"ONDES COMMUNICATIVES\" href=\"https:\/\/www.louistissot.net\/?page_id=458\"><span style=\"font-family: georgia,palatino; font-size: small;\">ONDES COMMUNICATIVES<\/span><\/a><\/strong><\/h3>\n<hr style=\"width: 100%;\" width=\"100%\" \/>\n<p style=\"text-align: center;\">\n<h3 style=\"text-align: center;\"><strong><span style=\"font-family: georgia,palatino; font-size: small;\">ONTOLOGISTE &#8211; \u00c9CRIVAIN<\/span><\/strong><br \/>\n<strong><span style=\"font-family: georgia,palatino; font-size: small;\">M\u00c9DIATEUR EN ENTREPRISES<\/span><\/strong><\/h3>\n<h3 style=\"text-align: center;\"><span style=\"text-decoration: underline;\"><strong><span style=\"font-family: georgia,palatino; font-size: small;\">ACTIVIT\u00c9S:<\/span><\/strong><\/span><\/h3>\n<h3 style=\"text-align: center;\"><span style=\"font-family: georgia,palatino; font-size: small;\">Pour vous aider \u00e0 mieux vivre dans tous<\/span><br \/>\n<span style=\"font-family: georgia,palatino; font-size: small;\">les domaines, je vous propose :<\/span><\/h3>\n<h3 style=\"text-align: center;\"><span style=\"font-family: georgia,palatino; font-size: small;\">&#8211;<strong> consultations individuelles (sur RV)<\/strong><\/span><br \/>\n<span style=\"font-family: georgia,palatino; font-size: small;\">tous les jours de la semaine (sauf<\/span><br \/>\n<span style=\"font-family: georgia,palatino; font-size: small;\">le mercredi et l&rsquo;apr\u00e8s-midi du samedi <\/span><span style=\"font-family: georgia,palatino; font-size: small;\">)<\/span><\/h3>\n<h3 style=\"text-align: center;\"><span style=\"font-family: georgia,palatino; font-size: small;\"><span style=\"font-family: georgia,palatino; font-size: small;\">&#8211; A<span style=\"font-family: georgia,palatino; font-size: small;\"><strong>ides \u00e0 distance<br \/>\n(Uniquement par courrier postal)<\/strong> :<\/span><br \/>\n<span style=\"font-family: georgia,palatino; font-size: small;\">\u00c9CRIRE \u00e0 <\/span>Louis Tissot &#8211; La Lande Gentil &#8211;<br \/>\n49340 Chanteloup Les Bois ( France )<br \/>\n<span style=\"font-family: georgia,palatino; font-size: small;\"><span style=\"font-family: georgia,palatino; font-size: small;\"><span style=\"font-family: georgia,palatino; font-size: small;\">avec \u00e9ventuellement une photo (si vous le souhaitez).<\/span><\/span><\/span><br \/>\nMerci de joindre \u00e0 votre correspondance votre libre participation<br \/>\net une enveloppe timbr\u00e9e \u00e0 votre adresse.<\/span><span style=\"font-family: georgia,palatino; font-size: small;\"><br \/>\n<\/span><\/span><\/h3>\n<h3 style=\"text-align: center;\"><strong><span style=\"font-family: georgia,palatino; font-size: small;\">&#8211; s\u00e9minaires : \u201cPARTAGE\u201d<\/span><\/strong><br \/>\n<span style=\"font-family: georgia,palatino; font-size: small;\">(un dimanche ou jour f\u00e9ri\u00e9)<\/span><\/h3>\n<h3 style=\"text-align: center;\"><strong><span style=\"font-family: georgia,palatino; font-size: small;\">&#8211; rencontres de groupes associatifs:<\/span><\/strong><br \/>\n<span style=\"font-family: georgia,palatino; font-size: small;\">\u00e0 la demande, dans le lieu de votre choix.<\/span><\/h3>\n<h3 style=\"text-align: center;\"><\/h3>\n<h3 style=\"text-align: center;\"><span style=\"font-family: georgia,palatino; font-size: small;\"><a title=\"ATTITUDE BENEFIQUE\" href=\"https:\/\/www.louistissot.net\/?page_id=461\">ATTITUDE B\u00c9N\u00c9FIQUE<\/a><br \/>\n<\/span><\/h3>\n<h3 style=\"text-align: center;\"><span style=\"font-family: georgia,palatino; font-size: small;\"><img src=\"\/wp-content\/uploads\/2020\/12\/524730.jpg\" alt=\"IMG 2312-2\" \/><\/span><\/h3>\n<h3 style=\"text-align: center;\"><strong><span style=\"font-family: georgia,palatino; font-size: small;\"><a href=\"https:\/\/www.louistissot.net\/?page_id=218\">Livres<\/a> :<\/span><\/strong><\/h3>\n<h3 style=\"text-align: center;\">\u00a0\u00a0\u00a0\u00a0\u00a0\u00a0\u00a0\u00a0\u00a0\u00a0\u00a0\u00a0\u00a0 &#8211; \u00c9vidences Spirituelles<br \/>\n&#8211; Int\u00e9grations Vitales<br \/>\n&#8211; Chemin de Vie &#8211; Vivre l&rsquo;\u00c9veil Spirituel<br \/>\n&#8211; Illumination Spirituelle<br \/>\n&#8211; Accomplissement heureux<br \/>\n&#8211; \u00catre Soi Vraiment<br \/>\n&#8211; L&rsquo;\u00catre Je Suis<br \/>\n-Identification V\u00e9ritable<\/h3>\n<h3 style=\"text-align: center;\"><img loading=\"lazy\" class=\"aligncenter\" src=\"\/wp-content\/uploads\/2020\/12\/524731.jpg\" alt=\"IMG 2294\" width=\"255\" height=\"255\" \/><\/h3>\n<p style=\"text-align: center;\">\n<h3 style=\"text-align: center;\"><strong><span style=\"font-family: georgia,palatino; font-size: small;\"><a href=\"https:\/\/www.louistissot.net\/?page_id=237\">CD<\/a> :<\/span><\/strong><\/h3>\n<h3 style=\"text-align: center;\">\u00a0<strong>CD de chaque livre :<\/strong><\/h3>\n<h3 style=\"text-align: center;\">\u00a0\u00a0\u00a0\u00a0\u00a0\u00a0\u00a0\u00a0\u00a0\u00a0 &#8211; \u00c9vidences Spirituelles<br \/>\n&#8211; Int\u00e9grations Vitales<br \/>\n&#8211; Chemin de Vie<br \/>\n&#8211; Vivre l&rsquo;\u00c9veil Spirituel<br \/>\n&#8211; Illumination Spirituelle<\/h3>\n<h3 style=\"margin-left: 450px; text-align: center;\"><span style=\"font-family: georgia,palatino; font-size: small;\">\u00a0<\/span><\/h3>\n<h3 style=\"text-align: center;\"><strong>CD des Ateliers<\/strong><\/h3>\n<h3 style=\"text-align: center;\"><strong>-Conf\u00e9rences<br \/>\n\u00ab\u00a0Pleine Conscience\u00a0\u00bb:<br \/>\n<\/strong>&#8211; Partage d&rsquo;un Chemin Spirituel<strong><br \/>\n<\/strong>&#8211; 22 th\u00e8mes<strong><br \/>\n<\/strong><\/h3>\n<p style=\"text-align: center;\">\n<h3 style=\"text-align: center;\"><img loading=\"lazy\" class=\"aligncenter\" src=\"\/wp-content\/uploads\/2020\/12\/524732.jpg\" alt=\"100-0120\" width=\"302\" height=\"227\" \/><\/h3>\n<h3 style=\"margin-left: 450px; text-align: center;\"><span style=\"font-family: georgia,palatino; font-size: small;\">\u00a0<\/span><\/h3>\n<h3 style=\"margin-left: 180px;\"><strong><span style=\"font-family: georgia,palatino; font-size: small;\">Comme m\u00e9diateur en entreprises :<\/span><\/strong><\/h3>\n<h3 style=\"margin-left: 450px;\"><span style=\"font-family: georgia,palatino; font-size: small;\">&#8211; Rencontres individuelles pour apporter <\/span><span style=\"font-family: georgia,palatino; font-size: small;\">une aide ponctuelle \u00e0 tout probl\u00e8me.<\/span><\/h3>\n<h3 style=\"margin-left: 450px;\"><span style=\"font-family: georgia,palatino; font-size: small;\">L&rsquo;accompagnement ontologique consiste \u00e0 aider chacun<br \/>\n\u00e0 se rencontrer Soi-M\u00eame,<br \/>\npour d\u00e9couvrir en SOI<br \/>\nles Richesses de l&rsquo;\u00c2me,<br \/>\n\u00e0 partager avec tous.<\/span><\/h3>\n<h3 style=\"margin-left: 450px;\"><span style=\"font-family: georgia,palatino; font-size: small;\">&#8212;&#8212;&#8211;<\/span><\/h3>\n<h3 style=\"text-align: left;\">La formule de la Gr\u00e8ce antique \u00ab\u00a0Connais-toi toi-m\u00eame et tu conna\u00eetras l&rsquo;Univers\u00a0 et les dieux&#8230;sans exc\u00e8s.\u00a0\u00bb, nous invite \u00e0 d\u00e9couvrir notre Unicit\u00e9 ontologique pour le mieux vivre ensemble. Se conna\u00eetre c&rsquo;est quitter l&rsquo;illusion pour le R\u00e9el, le faux pour le Vrai, l&rsquo;apparence pour l&rsquo;Authentique. \u00ab\u00a0Je ne suis plus ce que je croyais \u00eatre (le para\u00eetre) ; je suis MAINTENANT ce que j&rsquo;ai toujours \u00e9t\u00e9 (L&rsquo;\u00caTRE).\u00a0\u00bb<\/h3>\n<h3 style=\"text-align: center;\"><span style=\"font-family: georgia,palatino; font-size: small;\">\u00ab\u00a0Ce que JE SUIS Vraiment, Tous le sont d\u00e9j\u00e0 aussi.\u00a0\u00bb<\/span><\/h3>\n<h3 style=\"text-align: center;\"><a title=\"PASS\u00c9-PR\u00c9SENT-FUTUR\" href=\"https:\/\/www.louistissot.net\/?page_id=464\">PASS\u00c9-PR\u00c9SENT-FUTUR<\/a><\/h3>\n<h3 style=\"text-align: center;\"><strong><a href=\"https:\/\/www.louistissot.net\/?page_id=2015\">\u00c9TERNEL MAINTENANT<\/a><\/strong><\/h3>\n<h3 style=\"text-align: center;\"><img src=\"\/wp-content\/uploads\/2020\/12\/524059.jpg\" alt=\"100-0242\" \/><\/h3>\n<h5 style=\"text-align: center;\">Merci de demander l\u2019autorisation \u00e9crite de l\u2019auteur<br \/>\npour tout usage public des textes<br \/>\net de toujours indiquer la source avec le lien activ\u00e9 <a href=\"https:\/\/www.louistissot.net\/\">https:\/\/www.louistissot.net\/<\/a><\/h5>\n<h3 style=\"margin-left: 450px; text-align: center;\"><\/h3>\n<hr style=\"width: 100%;\" width=\"100%\" \/>\n<h3 style=\"text-align: center;\"><\/h3>\n<\/td>\n<\/tr>\n<\/tbody>\n<\/table>\n","protected":false},"excerpt":{"rendered":"<p>\u00a0TOUT EN UNIT\u00c9\u00a0\u00a0\u00a0 S&rsquo;Identifier \u00e0 l&rsquo;Inconnaissable, c&rsquo;est \u00catre Vraiment Soi dans Le Plein d&rsquo;Amour pour \u00eatre Utile, Accompagner, Transmettre, et Servir. ONDES COMMUNICATIVES ONTOLOGISTE &#8211; \u00c9CRIVAIN M\u00c9DIATEUR EN ENTREPRISES ACTIVIT\u00c9S: Pour vous aider \u00e0 mieux vivre dans tous les domaines, je vous propose : &#8211; consultations individuelles (sur RV) tous les jours de la semaine [&hellip;]<\/p>\n","protected":false},"author":1,"featured_media":0,"parent":0,"menu_order":0,"comment_status":"closed","ping_status":"closed","template":"","meta":[],"_links":{"self":[{"href":"https:\/\/www.louistissot.net\/index.php?rest_route=\/wp\/v2\/pages\/160"}],"collection":[{"href":"https:\/\/www.louistissot.net\/index.php?rest_route=\/wp\/v2\/pages"}],"about":[{"href":"https:\/\/www.louistissot.net\/index.php?rest_route=\/wp\/v2\/types\/page"}],"author":[{"embeddable":true,"href":"https:\/\/www.louistissot.net\/index.php?rest_route=\/wp\/v2\/users\/1"}],"replies":[{"embeddable":true,"href":"https:\/\/www.louistissot.net\/index.php?rest_route=%2Fwp%2Fv2%2Fcomments&post=160"}],"version-history":[{"count":15,"href":"https:\/\/www.louistissot.net\/index.php?rest_route=\/wp\/v2\/pages\/160\/revisions"}],"predecessor-version":[{"id":2028,"href":"https:\/\/www.louistissot.net\/index.php?rest_route=\/wp\/v2\/pages\/160\/revisions\/2028"}],"wp:attachment":[{"href":"https:\/\/www.louistissot.net\/index.php?rest_route=%2Fwp%2Fv2%2Fmedia&parent=160"}],"curies":[{"name":"wp","href":"https:\/\/api.w.org\/{rel}","templated":true}]}}