{"id":1963,"date":"2025-10-20T11:06:32","date_gmt":"2025-10-20T09:06:32","guid":{"rendered":"https:\/\/www.louistissot.net\/?page_id=1963"},"modified":"2025-10-28T18:26:31","modified_gmt":"2025-10-28T17:26:31","slug":"realites-eternelles","status":"publish","type":"page","link":"https:\/\/www.louistissot.net\/?page_id=1963","title":{"rendered":"R\u00c9ALIT\u00c9S \u00c9TERNELLES"},"content":{"rendered":"\n<p><\/p>\n\n\n<p><img loading=\"lazy\" class=\"alignnone size-medium wp-image-1785 aligncenter\" src=\"https:\/\/www.louistissot.net\/wp-content\/uploads\/2024\/08\/IMG_2171-copie-300x225.jpg\" alt=\"\" width=\"300\" height=\"225\" srcset=\"https:\/\/www.louistissot.net\/wp-content\/uploads\/2024\/08\/IMG_2171-copie-300x225.jpg 300w, https:\/\/www.louistissot.net\/wp-content\/uploads\/2024\/08\/IMG_2171-copie.jpg 416w\" sizes=\"(max-width: 300px) 100vw, 300px\" \/><\/p>\n<p align=\"CENTER\"><strong><span style=\"font-size: large;\">R\u00c9ALIT\u00c9S \u00c9TERNELLES<\/span><\/strong><\/p>\n<p align=\"CENTER\"><strong><span style=\"font-size: large;\">\u00b0\u00b0\u00b0<\/span><\/strong><\/p>\n<p align=\"CENTER\"><strong><span style=\"font-size: medium;\">LE R\u00c9EL Permanent est Toujours Pr\u00e9sent l\u00e0 o\u00f9 JE SUIS est.<\/span><\/strong><\/p>\n<p align=\"JUSTIFY\"><strong><span style=\"font-size: medium;\"> L&rsquo;Amour Divin est la R\u00e9alit\u00e9 de Tous. C&rsquo;est pourquoi il n&rsquo;y a pas un \u00e9lu particulier, et que Nous sommes Tous des \u00c9lus en tant que LA VIE UNIVERSELLE ELLE-M\u00caME. Il y a trois \u00e9tats particuliers de conscience sur le Chemin de l&rsquo;\u00c9veil au R\u00c9EL\u00a0: 1 . DIEU est LUI = \u00a0\u00bbext\u00e9rieur\u00a0\u00bb \u00e0 soi (l&rsquo;ego vit la dualit\u00e9 dans un monde de mati\u00e8re)\u00a0; 2 . DIEU est EN moi = \u00a0\u00bbint\u00e9rieur\u00a0\u00bb \u00e0 soi (l&rsquo;ego vit la dualit\u00e9 dans un monde mental)\u00a0; puis 3. DIEU est LE JE SUIS que JE SUIS Vraiment (UNICIT\u00c9 de L&rsquo;\u00caTRE-JE SUIS\u00a0: IL est LUI sans \u00a0\u00bbautre\u00a0\u00bb = UN \u00caTRE Parfait Accompli Manifest\u00e9 Actif).<\/span><\/strong><\/p>\n<p align=\"JUSTIFY\"><strong><span style=\"font-size: medium;\"> Tant qu&rsquo;il y a l&rsquo;identification \u00e0 une vie personnelle, il y a la croyance en deux mondes\u00a0: le monde humain (mat\u00e9riel) et le monde des esprits (spirituel). Lorsque vient la LUCIDIT\u00c9 d&rsquo;UNE SEULE CONSCIENCE UNIVERSELLE ACTIVE FORM\u00c9E, alors vient l&rsquo;Exp\u00e9rience de l&rsquo;Identification V\u00e9ritable appel\u00e9e ILLUMINATION SPIRITUELLE. C&rsquo;est LA R\u00c9ALISATION ABSOLUE\u00a0: L&rsquo;UNIVERS ENTIER est le Corps de LA CONSCIENCE UNIQUE qui est LE SEUL MONDE R\u00c9EL du JE SUIS que Chacun EST VRAIMENT depuis Toujours et pour Toujours.<\/span><\/strong><\/p>\n<p align=\"JUSTIFY\"><strong><span style=\"font-size: medium;\"> En V\u00e9rit\u00e9, il n&rsquo;y a qu&rsquo;UN SEUL \u00caTRE, UN SEUL ESPRIT, UNE SEULE \u00c2ME, UN SEUL CORPS, UN SEUL JE SUIS que Chaque Identit\u00e9 Spirituelle EST en tant que LA VIE IMPERSONNELLE DIEU P\u00c8RE-M\u00c8RE VIE NATURE\u00a0: L&rsquo;UNIQUE PR\u00c9SENCE D&rsquo;AMOUR qui se vit en tant que Nous et Tous EST Ce qui est R\u00c9EL Immuable Infini \u00c9ternel. LA CONSCIENCE UNIQUE EST JE SUIS. TOUS LES SENS (dit \u00a0\u00bbphysiques\u00a0\u00bb) sont UN EN JE SUIS, de m\u00eame que TOUTES LES COULEURS, LES SONS&#8230;TOUT CE QUI EST, sans interf\u00e9rer entre eux.<\/span><\/strong><\/p>\n<p align=\"JUSTIFY\"><strong><span style=\"font-size: medium;\"> Puisqu&rsquo;il n&rsquo;y a qu&rsquo;UNE CONSCIENCE, il n&rsquo;y a qu&rsquo;UN JE SUIS. Nous sommes Vraiment LA CONSCIENCE D&rsquo;\u00caTRE \u00a0\u00bbJE SUIS\u00a0\u00bb Vivant Son JE SUIS Prononc\u00e9. DIEU est DIEU et rien que DIEU\u00a0: rien d&rsquo;autre ne peut exister VRAIMENT \u00e0 part DIEU, L&rsquo;UNIQUE \u00caTRE-JE SUIS qui est TOUT BIEN EN TOUT. Chaque \u00c9veill\u00e9 au R\u00c9EL en R\u00e9alisant L&rsquo;UNICIT\u00c9 en conscience d\u00e9clare\u00a0:\u00a0\u00ab\u00a0Il n&rsquo;y a pas de personnalit\u00e9 dans l&rsquo;Univers\u00a0; Dieu Seul EST Tout Ce que JE SUIS Vraiment, ainsi que Tous et Tout pareillement.Restons Humbles devant Sa Grandeur\u00a0!\u00a0\u00bb<\/span><\/strong><\/p>\n<p align=\"JUSTIFY\"><strong><span style=\"font-size: medium;\"> DIEU est LE VIVANT qui Nous fait Exister\u00a0! Exister (du latin \u00a0\u00bbex\u00a0\u00bb&rsquo; = tir\u00e9 de, et \u00a0\u00bbsistere\u00a0\u00bb = se tenir), c&rsquo;est \u00eatre manifest\u00e9 au dehors. DIEU, L&rsquo;\u00caTRE UNIQUE, est permanence du Bien Absolu, donc PR\u00c9SENCE INFINIE des R\u00e9alit\u00e9s \u00c9ternelles. L&rsquo;existence (du latin \u00a0\u00bbexistere\u00a0\u00bb = s&rsquo;avancer, \u00e9merger, appara\u00eetre) est ce qui de l&rsquo;Invisible est rendu Visible, appara\u00eet en manifestation gr\u00e2ce \u00e0 la Parole Prononc\u00e9e (JE SUIS x &#8230;y&#8230; ou z&#8230;). Sans la Parole, rien de ce qui a \u00e9t\u00e9 et est fait en cet instant, ne serait fait.<i> \u00a0\u00bbDIEU est Parfait, donc IL Existe.\u00a0\u00bb<\/i> Lillian de Waters a \u00e9crit\u00a0:\u00a0\u00bb<i>La V\u00e9rit\u00e9 est L&rsquo;UNIQUE EXISTENCE. La V\u00e9rit\u00e9 ne cesse jamais d&rsquo;Exister.\u00a0\u00bb <\/i>(Livre\u00a0: La Voix de la R\u00e9v\u00e9lation \u2013 P 127\u00a0: Traduit par Mich\u00e8le Gaudissart)<\/span><\/strong><\/p>\n<p align=\"JUSTIFY\"><strong><span style=\"font-size: medium;\"> Rappelons-nous toujours que DIEU-VIE-NATURE n&rsquo;est pas qu&rsquo;une croyance ou une longue liste de synonymes, mais UNE EXP\u00c9RIENCE Consciente d&rsquo;\u00eatre L&rsquo;\u00caTRE \u00c9TANT vivant en Animant une Forme suivant Son JE SUIS Inspir\u00e9, Choisi, d\u00e9clar\u00e9. Chaque Identit\u00e9 Spirituelle, quelque soit le niveau actuel de son \u00e9tat de conscience, vit ce qu&rsquo;Elle entretient dans SON MONDE INT\u00c9RIEUR, int\u00e9gralement, avec une pr\u00e9cision absolue. Restons bien conscients qu&rsquo;il n&rsquo;y a ni &lsquo;int\u00e9rieur\u00a0\u00bb ni \u00a0\u00bbext\u00e9rieur\u00a0\u00bb dans Ce qui est UN TOUT EN UNIT\u00c9\u00a0: Visible et Invisible sont INDIVISIBLES (Comme les deux faces d&rsquo;une pi\u00e8ce de monnaie ont ensemble une seule et m\u00eame valeur). Nous vivons toutes les exp\u00e9riences de NOTRE CONSCIENCE D&rsquo;\u00caTRE du moment. Il en a toujours \u00e9t\u00e9 ainsi\u00a0; il en est ainsi, et il en sera toujours ainsi\u00a0: DIEU est PRINCIPE IMMUABLE, IL ne change pas et ne d\u00e9cide pas \u00e0 notre place\u00a0! Il rend visibles les pens\u00e9es que nous choisissons\u00a0!<\/span><\/strong><\/p>\n<p align=\"JUSTIFY\"><strong><span style=\"font-size: medium;\"> Nous sommes d\u00e9j\u00e0 ce que l&rsquo;on cherche \u00e0 \u00eatre. L&rsquo;humain cherche le bonheur \u00e0 \u00a0\u00bbl&rsquo;ext\u00e9rieur\u00a0\u00bb\u00a0; LE DIVIN est le Bonheur Lui-m\u00eame \u00e0 \u00a0\u00bbl&rsquo;Int\u00e9rieur\u00a0\u00bb de SOI. C&rsquo;est pourquoi \u00a0\u00bbLA VIE EST BELLE\u00a0\u00bb quand DIEU est le Ma\u00eetre d&rsquo;Oeuvre du quotidien des Identit\u00e9s Spirituelles qui Ob\u00e9issent Joyeusement, avec enthousiasme, \u00e0 Toutes Ses Inspirations (Intuitions ou Visions ou \u00c9lan du Coeur&#8230;). Soyons persuad\u00e9s que Sa Volont\u00e9 est L&rsquo;EXCELLENCE en Tout pour Tous dans Son Univers Entier \u00c9ternellement. Les Chemins bas\u00e9s sur la Foi \u00c9clair\u00e9e qui se croisent, ne se d\u00e9croisent plus\u00a0: L&rsquo;UNICIT\u00c9 de L\u00caTRE est leur Fondement \u00c9ternel. LA VIE est Belle en tant que LA R\u00c9ALIT\u00c9 Elle-m\u00eame du JE SUIS UNIQUE. <\/span><\/strong><\/p>\n<p align=\"JUSTIFY\"><strong><span style=\"font-size: medium;\"> C&rsquo;est gr\u00e2ce au Statique que le Mouvement de toutes Formes est Permanent. Dieu-Le p\u00e8re (Yang) est Immuable Amour Parfait, Pr\u00e9sence Constante des Id\u00e9es Divines (Intuitions \u2013 Visions). Dieu-La M\u00e8re (Yin) est le Mouvement Perp\u00e9tuel de la Substance Divine Universelle (Lumi\u00e8re-Amour). Dieu-Le Fils, en \u00e9tant le Lien entre les Deux, vit ses choix en Pronon\u00e7ant la Parole (JE SUIS). Les Trois ne font qu&rsquo;UN\u00a0: LE UN qui est TOUT BIEN en UNICIT\u00c9. C&rsquo;est pourquoi, Tous les Lib\u00e9r\u00e9s Vivants, \u00c9veill\u00e9s-\u00c9veilleurs, \u00e0 l&rsquo;instant o\u00f9 Ils R\u00e9alisent en Conscience la Tri-Unit\u00e9 de l&rsquo;Omnipr\u00e9sence, d\u00e9clarent Joyeusement cette R\u00e9v\u00e9lation Supr\u00eame\u00a0:\u00a0\u00ab\u00a0JE SUIS CE JE SUIS&#8230;JE SUIS QUI JE SUIS&#8230;JE SUIS CE QUE JE SUIS.\u00a0.. CELUI QUI EST, EST TOUT CE QUE JE SUIS VRAIMENT\u00a0!\u00bb Ce qui en Clair signifie\u00a0:\u00a0\u00ab\u00a0 Ce n&rsquo;est plus moi (l&rsquo;ego) qui vit, c&rsquo;est le Christos (l&rsquo;Enfant Lumi\u00e8re) qui EST Tout Ce que JE SUIS Vraiment, Ici et Maintenant. Par moi-m\u00eame, je ne puis rien faire, c&rsquo;est Le P\u00e8re-M\u00e8re qui M&rsquo;Inspire et Accomplit Ses Oeuvres, d\u00e8s que JE d\u00e9cide d&rsquo;associer une Id\u00e9e Divine \u00e0 JE SUIS, en La Ressentant Manifest\u00e9e Instantan\u00e9ment. (Sant\u00e9, Bonheur, R\u00e9ussite, Abondance de Tous Biens, Joie de vivre&#8230;)\u00bb<i> \u00a0\u00bbTout est perdu, TOUT est sauf.\u00a0\u00bb<\/i><\/span><\/strong><\/p>\n<p align=\"JUSTIFY\"><strong><span style=\"font-size: medium;\"> Nous sommes une Conscience d&rsquo;\u00eatre en manifestation active, vivant son \u00a0\u00bbJE SUIS\u00a0\u00bb prononc\u00e9 comme accompli. Nous vivons nos convictions pr\u00e9sentes\u00a0: les certitudes ou les incertitudes, les affirmations ou les n\u00e9gations&#8230; Nos choix sont d\u00e9terminants\u00a0; ils sont notre v\u00e9cu avec une pr\u00e9cision absolue. Nous vivons notre monde int\u00e9rieur. Notre quotidien est notre \u00e9tat de Conscience visible. La Conviction que TOUT EST SPIRITUEL (L&rsquo;ESPRIT-UN FORM\u00c9) est R\u00e9alisation de L&rsquo;ABSOLU. L&rsquo;\u00c9vidence Ontologique Universelle ne doit plus nous \u00e9chapper un seul instant\u00a0: le non-\u00eatre est RIEN\u00a0; L&rsquo;\u00caTRE UNIQUE EST LE R\u00c9EL en tant que TOUS en UNIT\u00c9 INDIVISIBLE.<\/span><\/strong><\/p>\n<p align=\"JUSTIFY\"><strong><span style=\"font-size: medium;\"> Oui\u00a0! Il est certain que l&rsquo;Oeuvre de Dieu est Accomplie\u00a0! L&rsquo;Oeuvre de dieu est Toujours Parfaite Accomplie Manifest\u00e9e, Ici et Maintenant, l\u00e0 o\u00f9 JE SUIS est R\u00e9alis\u00e9 en Conscience Unitaire. La peur est comme une ombre\u00a0: RIEN ! Partout o\u00f9 on est DIEU EST\u00a0! LE BON DIEU est Toujours BON. La Lumi\u00e8re de L&rsquo;\u00c9TERNEL est Tout Ce qui est R\u00c9EL, donc il n&rsquo;y a AUCUNE ombre EN LUI\u00a0: la peur n&rsquo;a pas de raison d&rsquo;\u00eatre pour Tous Ceux qui ont LE TR\u00c8S-HAUT pour LUMI\u00c8RE du SOI. <i>\u00a0\u00bbQuand tu auras le Tr\u00e8s-Haut pour Lumi\u00e8re, Ton Soleil ne se couchera plus.\u00a0\u00bb<\/i><\/span><\/strong><\/p>\n<p align=\"CENTER\"><strong><span style=\"font-size: medium;\"> La Perfection Divine ne peut pas conna\u00eetre un contraire <\/span><\/strong><\/p>\n<p align=\"CENTER\"><strong><span style=\"font-size: medium;\">(maladie, p\u00e9nurie, douleur, imperfection&#8230;). <\/span><\/strong><\/p>\n<p align=\"CENTER\"><strong><span style=\"font-size: medium;\">L&rsquo;UNICIT\u00c9 n&rsquo;a pas d&rsquo;oppos\u00e9\u00a0!<\/span><\/strong><\/p>\n<p align=\"CENTER\"><strong><span style=\"font-size: medium;\">Les R\u00e9v\u00e9lations d&rsquo;aujourd&rsquo;hui sont R\u00e9alit\u00e9s \u00c9ternelles.<\/span><\/strong><\/p>\n<p align=\"RIGHT\"><strong><span style=\"font-size: medium;\">Septembre\/octobre 2025 \u2013 Louis Tissot<\/span><\/strong><\/p>\n<p align=\"CENTER\"><strong><span style=\"font-size: medium;\">&lsquo;<i>&lsquo;On donnera \u00e0 Celui qui a (la Conscience d&rsquo;\u00eatre L&rsquo;\u00caTRE), et il sera dans l&rsquo;abondance, <\/i><\/span><\/strong><\/p>\n<p align=\"CENTER\"><strong><span style=\"font-size: medium;\"><i>mais \u00e0 celui qui n&rsquo;a pas (la Conscience du R\u00c9EL), on \u00f4tera m\u00eame ce qu&rsquo;il a.\u00a0\u00bb <\/i><\/span><\/strong><\/p>\n<p align=\"CENTER\"><strong><span style=\"font-size: medium;\"><i>(Matthieu 13:12)<\/i><\/span><\/strong><\/p>\n<p align=\"CENTER\"><strong><span style=\"font-size: medium;\"><i>\u00a0\u00bbLe Royaume des Cieux est au-dedans de vous.\u00a0\u00bb <\/i><\/span><\/strong><\/p>\n<p align=\"CENTER\"><strong><span style=\"font-size: medium;\"><i>(J\u00e9sus) <\/i><\/span><\/strong><\/p>\n<p style=\"text-align: center;\"><strong><img loading=\"lazy\" class=\"alignnone size-medium wp-image-1786\" src=\"https:\/\/www.louistissot.net\/wp-content\/uploads\/2024\/08\/IMG_2174-copie-225x300.jpg\" alt=\"\" width=\"225\" height=\"300\" srcset=\"https:\/\/www.louistissot.net\/wp-content\/uploads\/2024\/08\/IMG_2174-copie-225x300.jpg 225w, https:\/\/www.louistissot.net\/wp-content\/uploads\/2024\/08\/IMG_2174-copie.jpg 234w\" sizes=\"(max-width: 225px) 100vw, 225px\" \/><\/strong><\/p>","protected":false},"excerpt":{"rendered":"<p>R\u00c9ALIT\u00c9S \u00c9TERNELLES \u00b0\u00b0\u00b0 LE R\u00c9EL Permanent est Toujours Pr\u00e9sent l\u00e0 o\u00f9 JE SUIS est. L&rsquo;Amour Divin est la R\u00e9alit\u00e9 de Tous. C&rsquo;est pourquoi il n&rsquo;y a pas un \u00e9lu particulier, et que Nous sommes Tous des \u00c9lus en tant que LA VIE UNIVERSELLE ELLE-M\u00caME. Il y a trois \u00e9tats particuliers de conscience sur le Chemin [&hellip;]<\/p>\n","protected":false},"author":1,"featured_media":0,"parent":0,"menu_order":0,"comment_status":"closed","ping_status":"closed","template":"","meta":[],"_links":{"self":[{"href":"https:\/\/www.louistissot.net\/index.php?rest_route=\/wp\/v2\/pages\/1963"}],"collection":[{"href":"https:\/\/www.louistissot.net\/index.php?rest_route=\/wp\/v2\/pages"}],"about":[{"href":"https:\/\/www.louistissot.net\/index.php?rest_route=\/wp\/v2\/types\/page"}],"author":[{"embeddable":true,"href":"https:\/\/www.louistissot.net\/index.php?rest_route=\/wp\/v2\/users\/1"}],"replies":[{"embeddable":true,"href":"https:\/\/www.louistissot.net\/index.php?rest_route=%2Fwp%2Fv2%2Fcomments&post=1963"}],"version-history":[{"count":7,"href":"https:\/\/www.louistissot.net\/index.php?rest_route=\/wp\/v2\/pages\/1963\/revisions"}],"predecessor-version":[{"id":2075,"href":"https:\/\/www.louistissot.net\/index.php?rest_route=\/wp\/v2\/pages\/1963\/revisions\/2075"}],"wp:attachment":[{"href":"https:\/\/www.louistissot.net\/index.php?rest_route=%2Fwp%2Fv2%2Fmedia&parent=1963"}],"curies":[{"name":"wp","href":"https:\/\/api.w.org\/{rel}","templated":true}]}}