{"id":257,"date":"2020-12-24T15:58:25","date_gmt":"2020-12-24T14:58:25","guid":{"rendered":"http:\/\/lrufdqb.cluster030.hosting.ovh.net\/?page_id=257"},"modified":"2022-11-24T15:25:12","modified_gmt":"2022-11-24T14:25:12","slug":"de-lamour","status":"publish","type":"page","link":"https:\/\/www.louistissot.net\/?page_id=257","title":{"rendered":"DE L&rsquo;AMOUR"},"content":{"rendered":"<table width=\"100%\" cellspacing=\"0\" cellpadding=\"0\">\n<tbody>\n<tr>\n<td align=\"left\">\n<p style=\"text-align: center;\"><strong><span style=\"font-family: georgia,palatino; font-size: small;\"><img src=\"\/wp-content\/uploads\/2020\/12\/533281.jpg\" alt=\"IMG-2559 2\" \/><\/span><\/strong><\/p>\n<h3 style=\"text-align: center;\"><span style=\"font-family: georgia,palatino; font-size: small;\">DE L&rsquo;AMOUR<\/span><\/h3>\n<h3 style=\"text-align: center;\">\u00b0\u00b0\u00b0<\/h3>\n<h3 style=\"text-align: center;\"><span style=\"font-family: georgia,palatino; font-size: small;\">L&rsquo;Amour est la chose <\/span><span style=\"font-family: georgia,palatino; font-size: small;\">la plus importante de toutes.<\/span><\/h3>\n<h3 style=\"text-align: center;\"><span style=\"font-family: georgia,palatino; font-size: small;\">C&rsquo;est la porte d&rsquo;or du Paradis.<\/span><\/h3>\n<h3 style=\"text-align: center;\"><span style=\"font-family: georgia,palatino; font-size: small;\">Priez pour en avoir la compr\u00e9hension,<\/span><\/h3>\n<h3 style=\"text-align: center;\"><span style=\"font-family: georgia,palatino; font-size: small;\">m\u00e9ditez sur l&rsquo;Amour chaque jour;<\/span><\/h3>\n<h3 style=\"text-align: center;\"><span style=\"font-family: georgia,palatino; font-size: small;\">Il est l&rsquo;accomplissement de la Loi,<\/span><\/h3>\n<h3 style=\"text-align: center;\"><span style=\"font-family: georgia,palatino; font-size: small;\">Il ma\u00eetrise la multitude des p\u00e9ch\u00e9s.<\/span><\/h3>\n<h3 style=\"text-align: center;\"><span style=\"font-family: georgia,palatino; font-size: small;\">Il n&rsquo;est pas de maladie <\/span><span style=\"font-family: georgia,palatino; font-size: small;\">qu&rsquo;assez d&rsquo;Amour ne puisse gu\u00e9rir,<\/span><\/h3>\n<h3 style=\"text-align: center;\"><span style=\"font-family: georgia,palatino; font-size: small;\">aucune porte <\/span><span style=\"font-family: georgia,palatino; font-size: small;\">qu&rsquo;assez d&rsquo;Amour ne puisse ouvrir,<\/span><\/h3>\n<h3 style=\"text-align: center;\"><span style=\"font-family: georgia,palatino; font-size: small;\">aucun vide <\/span><span style=\"font-family: georgia,palatino; font-size: small;\">qu&rsquo;assez d&rsquo;Amour ne puisse franchir,<\/span><\/h3>\n<h3 style=\"text-align: center;\"><span style=\"font-family: georgia,palatino; font-size: small;\">nul mur <\/span><span style=\"font-family: georgia,palatino; font-size: small;\">qu&rsquo;assez d&rsquo;Amour ne puisse faire tomber,<\/span><\/h3>\n<h3 style=\"text-align: center;\"><span style=\"font-family: georgia,palatino; font-size: small;\">nul p\u00e9ch\u00e9 <\/span><span style=\"font-family: georgia,palatino; font-size: small;\">qu&rsquo;assez d&rsquo;Amour ne puisse racheter.<\/span><\/h3>\n<h3 style=\"text-align: center;\"><span style=\"font-family: georgia,palatino; font-size: small;\">Rabindranath Tagore (1861 &#8211; 1941)<\/span><\/h3>\n<h3 style=\"text-align: center;\"><span style=\"font-family: georgia,palatino; font-size: small;\">\u00b0\u00b0\u00b0<\/span><\/h3>\n<h3 style=\"text-align: center;\">&#8211; \u2018\u2019Lorsqu\u2019un homme sent battre dans son \u00e2me<\/h3>\n<h3 style=\"text-align: center;\">la vie et l\u2019\u00e2me du monde entier, il est libre.\u2019\u2019<\/h3>\n<h3 style=\"text-align: center;\">&#8211; \u2018\u2019Nous \u00e9non\u00e7ons ce paradoxe \u00e9tonnant entre tous :<br \/>\nl\u2019Un appara\u00eet comme multiple,<br \/>\nl\u2019apparence est l\u2019oppos\u00e9 de la v\u00e9rit\u00e9,<br \/>\net pourtant lui est ins\u00e9parablement reli\u00e9e.\u2019\u2019<\/h3>\n<p style=\"text-align: center;\"><strong>&#8211;\u00a0\u00bbpour Le trouver,il faut tout accueillir.\u00a0\u00bb<\/strong><\/p>\n<h3 style=\"text-align: center;\">&#8211; \u2018\u2019Lorsque la vie d\u2019un homme, sauv\u00e9e de toutes les distractions,<\/h3>\n<h3 style=\"text-align: center;\">trouve son unit\u00e9 dans l\u2019\u00e2me,<\/h3>\n<h3 style=\"text-align: center;\">la conscience de l\u2019infini lui devient aussit\u00f4t directe et naturelle,<\/h3>\n<h3 style=\"text-align: center;\">comme la lumi\u00e8re \u00e0 la flamme.\u2019\u2019<\/h3>\n<h3 style=\"text-align: center;\"><span style=\"font-family: georgia,palatino; font-size: small;\"><span style=\"font-family: georgia,palatino; font-size: small;\">Citations de Rabindranath Tagore<\/span><\/span><\/h3>\n<h3 style=\"text-align: center;\"><img src=\"\/wp-content\/uploads\/2020\/12\/533280.jpg\" alt=\"IMG-2557 2\" \/><\/h3>\n<h3 style=\"text-align: center;\"><\/h3>\n<\/td>\n<\/tr>\n<\/tbody>\n<\/table>\n","protected":false},"excerpt":{"rendered":"<p>DE L&rsquo;AMOUR \u00b0\u00b0\u00b0 L&rsquo;Amour est la chose la plus importante de toutes. C&rsquo;est la porte d&rsquo;or du Paradis. Priez pour en avoir la compr\u00e9hension, m\u00e9ditez sur l&rsquo;Amour chaque jour; Il est l&rsquo;accomplissement de la Loi, Il ma\u00eetrise la multitude des p\u00e9ch\u00e9s. Il n&rsquo;est pas de maladie qu&rsquo;assez d&rsquo;Amour ne puisse gu\u00e9rir, aucune porte qu&rsquo;assez d&rsquo;Amour [&hellip;]<\/p>\n","protected":false},"author":1,"featured_media":0,"parent":0,"menu_order":0,"comment_status":"closed","ping_status":"closed","template":"","meta":[],"_links":{"self":[{"href":"https:\/\/www.louistissot.net\/index.php?rest_route=\/wp\/v2\/pages\/257"}],"collection":[{"href":"https:\/\/www.louistissot.net\/index.php?rest_route=\/wp\/v2\/pages"}],"about":[{"href":"https:\/\/www.louistissot.net\/index.php?rest_route=\/wp\/v2\/types\/page"}],"author":[{"embeddable":true,"href":"https:\/\/www.louistissot.net\/index.php?rest_route=\/wp\/v2\/users\/1"}],"replies":[{"embeddable":true,"href":"https:\/\/www.louistissot.net\/index.php?rest_route=%2Fwp%2Fv2%2Fcomments&post=257"}],"version-history":[{"count":3,"href":"https:\/\/www.louistissot.net\/index.php?rest_route=\/wp\/v2\/pages\/257\/revisions"}],"predecessor-version":[{"id":1230,"href":"https:\/\/www.louistissot.net\/index.php?rest_route=\/wp\/v2\/pages\/257\/revisions\/1230"}],"wp:attachment":[{"href":"https:\/\/www.louistissot.net\/index.php?rest_route=%2Fwp%2Fv2%2Fmedia&parent=257"}],"curies":[{"name":"wp","href":"https:\/\/api.w.org\/{rel}","templated":true}]}}