{"id":269,"date":"2020-12-24T16:03:59","date_gmt":"2020-12-24T15:03:59","guid":{"rendered":"http:\/\/lrufdqb.cluster030.hosting.ovh.net\/?page_id=269"},"modified":"2024-07-31T17:34:33","modified_gmt":"2024-07-31T15:34:33","slug":"ego-etre","status":"publish","type":"page","link":"https:\/\/www.louistissot.net\/?page_id=269","title":{"rendered":"EGO \/ ETRE"},"content":{"rendered":"<table width=\"100%\" cellspacing=\"0\" cellpadding=\"0\">\n<tbody>\n<tr>\n<td align=\"left\">\n<p style=\"text-align: center;\"><strong><span style=\"font-family: georgia,palatino; font-size: small;\"><img src=\"\/wp-content\/uploads\/2020\/12\/529118.jpg\" alt=\"IMG-2390\" \/><\/span><\/strong><\/p>\n<p style=\"text-align: center;\">\n<p style=\"text-align: center;\"><strong><span style=\"font-family: georgia,palatino; font-size: small;\">EGO \/ \u00caTRE<\/span><\/strong><\/p>\n<h5 style=\"text-align: center;\"><span style=\"font-family: georgia,palatino; font-size: small;\">\u00b0\u00b0\u00b0<\/span><\/h5>\n<h5 style=\"text-align: center;\"><span style=\"font-family: georgia,palatino; font-size: small;\">L&rsquo;ego et L&rsquo;\u00caTRE ne peuvent pas cohabiter<\/span><\/h5>\n<h5 style=\"text-align: center;\"><span style=\"font-family: georgia,palatino; font-size: small;\">L&rsquo;ego est para\u00eetre,<\/span><\/h5>\n<h5 style=\"text-align: center;\"><span style=\"font-family: georgia,palatino; font-size: small;\">L&rsquo;\u00caTRE est Vraiment.<\/span><\/h5>\n<h5 style=\"text-align: center;\"><span style=\"font-family: georgia,palatino; font-size: small;\">L&rsquo;ego est illusion,<\/span><\/h5>\n<h5 style=\"text-align: center;\"><span style=\"font-family: georgia,palatino; font-size: small;\">L&rsquo;\u00caTRE est R\u00e9alit\u00e9.<\/span><\/h5>\n<h5 style=\"text-align: center;\"><span style=\"font-family: georgia,palatino; font-size: small;\">L&rsquo;ego est ceci et cela,<\/span><\/h5>\n<h5 style=\"text-align: center;\"><span style=\"font-family: georgia,palatino; font-size: small;\">L&rsquo;\u00caTRE est Permanence du Bien.<\/span><\/h5>\n<h5 style=\"text-align: center;\"><span style=\"font-family: georgia,palatino; font-size: small;\">L&rsquo;ego est versatile entre bien et mal,<\/span><\/h5>\n<h5 style=\"text-align: center;\"><span style=\"font-family: georgia,palatino; font-size: small;\">L&rsquo;\u00caTRE est constante Perfection.<\/span><\/h5>\n<h5 style=\"text-align: center;\"><span style=\"font-family: georgia,palatino; font-size: small;\">L&rsquo;ego combat l&rsquo;ego,<\/span><\/h5>\n<h5 style=\"text-align: center;\"><span style=\"font-family: georgia,palatino; font-size: small;\">L&rsquo;\u00caTRE est Paix Durable.<\/span><\/h5>\n<h5 style=\"text-align: center;\"><span style=\"font-family: georgia,palatino; font-size: small;\">L&rsquo;ego rejette parfois \u00a0\u00bbl&rsquo;autre\u00a0\u00bb,<\/span><\/h5>\n<h5 style=\"text-align: center;\"><span style=\"font-family: georgia,palatino; font-size: small;\">L&rsquo;\u00caTRE est toujours Fraternelle Unit\u00e9.<\/span><\/h5>\n<h5 style=\"text-align: center;\"><span style=\"font-family: georgia,palatino; font-size: small;\">L&rsquo;ego semble avoir du pouvoir,<\/span><\/h5>\n<h5 style=\"text-align: center;\"><span style=\"font-family: georgia,palatino; font-size: small;\">L&rsquo;\u00caTRE est le Pouvoir Absolu.<\/span><\/h5>\n<h5 style=\"text-align: center;\"><span style=\"font-family: georgia,palatino; font-size: small;\">L&rsquo;ego lutte pour survivre,<\/span><\/h5>\n<h5 style=\"text-align: center;\"><span style=\"font-family: georgia,palatino; font-size: small;\">L&rsquo;\u00caTRE est LA VIE Elle-M\u00eame.<\/span><\/h5>\n<h5 style=\"text-align: center;\"><span style=\"font-family: georgia,palatino; font-size: small;\">L&rsquo;ego est croyances personnelles fluctuantes,<\/span><\/h5>\n<h5 style=\"text-align: center;\"><span style=\"font-family: georgia,palatino; font-size: small;\">L&rsquo;\u00caTRE est LE R\u00c9EL Impersonnel Invariable.<\/span><\/h5>\n<h5 style=\"text-align: center;\"><span style=\"font-family: georgia,palatino; font-size: small;\">L&rsquo;ego est \u00a0\u00bbun mirage\u00a0\u00bb qui change avec \u00a0\u00bble temps qui passe\u00a0\u00bb,<\/span><\/h5>\n<h5 style=\"text-align: center;\"><span style=\"font-family: georgia,palatino; font-size: small;\">L&rsquo;\u00caTRE est R\u00e9alit\u00e9 \u00c9ternelle donc Permanence Intemporelle.<\/span><\/h5>\n<h5 style=\"text-align: center;\"><span style=\"font-family: georgia,palatino; font-size: small;\">L&rsquo;ego est p\u00e9tri plus ou moins de peur,<\/span><\/h5>\n<h5 style=\"text-align: center;\"><span style=\"font-family: georgia,palatino; font-size: small;\">L&rsquo;\u00caTRE est Amour Inconditionnel Inalt\u00e9rable.<\/span><\/h5>\n<h5 style=\"text-align: center;\"><span style=\"font-family: georgia,palatino; font-size: small;\"><img loading=\"lazy\" class=\"alignnone size-medium wp-image-1052\" src=\"https:\/\/www.louistissot.net\/wp-content\/uploads\/2020\/12\/459804-300x225.gif\" alt=\"\" width=\"300\" height=\"225\" \/><\/span><\/h5>\n<h5 style=\"text-align: center;\"><span style=\"font-family: georgia,palatino; font-size: small;\">L&rsquo;imperfection de l&rsquo;ego n&rsquo;a pas de lien avec la Perfection de L&rsquo;\u00caTRE.<\/span><\/h5>\n<h5 style=\"text-align: center;\"><span style=\"font-family: georgia,palatino; font-size: small;\">En apparence, il semble y avoir deux mondes<\/span><\/h5>\n<h5 style=\"text-align: center;\"><span style=\"font-family: georgia,palatino; font-size: small;\">(visible\/Invisible, mati\u00e8re\/Lumi\u00e8re, r\u00eave\/\u00c9veil, mental\/Spirituel&#8230;),<\/span><\/h5>\n<h5 style=\"text-align: center;\"><span style=\"font-family: georgia,palatino; font-size: small;\">alors qu&rsquo;Un Seul est R\u00e9el : Celui de L&rsquo;Esprit Infini Invuln\u00e9rable.<\/span><\/h5>\n<h5 style=\"text-align: center;\"><span style=\"font-family: georgia,palatino; font-size: small;\">L&rsquo;imparfait limit\u00e9 ne peut pas \u00a0\u00bbdevenir\u00a0\u00bb LE PARFAIT ILLIMIT\u00c9.<\/span><\/h5>\n<h5 style=\"text-align: center;\"><span style=\"font-family: georgia,palatino; font-size: small;\">L&rsquo;\u00caTRE INFINI est d\u00e9j\u00e0 PARFAIT Partout, Toujours.<\/span><\/h5>\n<h5 style=\"text-align: center;\"><span style=\"font-family: georgia,palatino; font-size: small;\">L&rsquo;ego r\u00eave l&rsquo;imperfection de \u00a0\u00bbsa\u00a0\u00bb vie, et veut l&rsquo;am\u00e9liorer<\/span><\/h5>\n<h5 style=\"text-align: center;\"><span style=\"font-family: georgia,palatino; font-size: small;\">en d\u00e9clarant que \u00a0\u00bbla perfection n&rsquo;est pas de ce monde\u00a0\u00bb.<\/span><\/h5>\n<h5 style=\"text-align: center;\"><span style=\"font-family: georgia,palatino; font-size: small;\">L&rsquo;\u00caTRE INFINI est LE R\u00c9EL de Tous en UN<\/span><\/h5>\n<h5 style=\"text-align: center;\"><span style=\"font-family: georgia,palatino; font-size: small;\">qui est Perfection Immuable du Cosmos Entier Achev\u00e9 Manifest\u00e9.<\/span><\/h5>\n<h5 style=\"text-align: center;\"><span style=\"font-family: georgia,palatino; font-size: small;\">L&rsquo;ego semble \u00eatre ce qui sera,<\/span><\/h5>\n<h5 style=\"text-align: center;\"><span style=\"font-family: georgia,palatino; font-size: small;\">L&rsquo;\u00caTRE est JE SUIS Ici et Maintenant.<\/span><\/h5>\n<h5 style=\"text-align: center;\">\u00b0\u00b0\u00b0<\/h5>\n<h5 style=\"text-align: center;\"><span style=\"font-family: georgia,palatino; font-size: small;\">Janvier 2015 &#8211; Louis Tissot<\/span><\/h5>\n<h5 style=\"text-align: center;\"><span style=\"font-family: georgia,palatino; font-size: small;\">(Extrait du livre \u00a0\u00bbL&rsquo;\u00caTRE JE SUIS\u00a0\u00bb)<\/span><\/h5>\n<h5 style=\"text-align: center;\"><\/h5>\n<h5 style=\"text-align: center;\"><span style=\"font-family: georgia,palatino; font-size: small;\"><img class=\"aligncenter\" src=\"\/wp-content\/uploads\/2020\/12\/529119.jpg\" alt=\"IMG-2415\" \/><\/span><\/h5>\n<\/td>\n<\/tr>\n<\/tbody>\n<\/table>\n","protected":false},"excerpt":{"rendered":"<p>EGO \/ \u00caTRE \u00b0\u00b0\u00b0 L&rsquo;ego et L&rsquo;\u00caTRE ne peuvent pas cohabiter L&rsquo;ego est para\u00eetre, L&rsquo;\u00caTRE est Vraiment. L&rsquo;ego est illusion, L&rsquo;\u00caTRE est R\u00e9alit\u00e9. L&rsquo;ego est ceci et cela, L&rsquo;\u00caTRE est Permanence du Bien. L&rsquo;ego est versatile entre bien et mal, L&rsquo;\u00caTRE est constante Perfection. L&rsquo;ego combat l&rsquo;ego, L&rsquo;\u00caTRE est Paix Durable. L&rsquo;ego rejette parfois \u00a0\u00bbl&rsquo;autre\u00a0\u00bb, [&hellip;]<\/p>\n","protected":false},"author":1,"featured_media":0,"parent":0,"menu_order":0,"comment_status":"closed","ping_status":"closed","template":"","meta":[],"_links":{"self":[{"href":"https:\/\/www.louistissot.net\/index.php?rest_route=\/wp\/v2\/pages\/269"}],"collection":[{"href":"https:\/\/www.louistissot.net\/index.php?rest_route=\/wp\/v2\/pages"}],"about":[{"href":"https:\/\/www.louistissot.net\/index.php?rest_route=\/wp\/v2\/types\/page"}],"author":[{"embeddable":true,"href":"https:\/\/www.louistissot.net\/index.php?rest_route=\/wp\/v2\/users\/1"}],"replies":[{"embeddable":true,"href":"https:\/\/www.louistissot.net\/index.php?rest_route=%2Fwp%2Fv2%2Fcomments&post=269"}],"version-history":[{"count":4,"href":"https:\/\/www.louistissot.net\/index.php?rest_route=\/wp\/v2\/pages\/269\/revisions"}],"predecessor-version":[{"id":1741,"href":"https:\/\/www.louistissot.net\/index.php?rest_route=\/wp\/v2\/pages\/269\/revisions\/1741"}],"wp:attachment":[{"href":"https:\/\/www.louistissot.net\/index.php?rest_route=%2Fwp%2Fv2%2Fmedia&parent=269"}],"curies":[{"name":"wp","href":"https:\/\/api.w.org\/{rel}","templated":true}]}}