{"id":284,"date":"2020-12-24T16:10:47","date_gmt":"2020-12-24T15:10:47","guid":{"rendered":"http:\/\/lrufdqb.cluster030.hosting.ovh.net\/?page_id=284"},"modified":"2022-12-07T16:57:10","modified_gmt":"2022-12-07T15:57:10","slug":"choix-de-vie","status":"publish","type":"page","link":"https:\/\/www.louistissot.net\/?page_id=284","title":{"rendered":"CHOIX DE VIE"},"content":{"rendered":"<table width=\"100%\" cellspacing=\"0\" cellpadding=\"0\">\n<tbody>\n<tr>\n<td align=\"left\">\n<p style=\"text-align: center;\"><span style=\"font-family: georgia,palatino; font-size: small;\"><img src=\"\/wp-content\/uploads\/2020\/12\/523683.jpg\" alt=\"gue1416\" \/><\/span><\/p>\n<p style=\"text-align: center;\">\n<h5 style=\"text-align: center;\"><span style=\"font-family: georgia,palatino; font-size: small;\">CHOIX DE VIE<\/span><\/h5>\n<h5 style=\"text-align: center;\">\u00b0<\/h5>\n<h5 style=\"text-align: center;\">\u00b0\u00a0\u00a0\u00a0\u00a0\u00a0\u00a0\u00a0 \u00b0<\/h5>\n<h5 style=\"text-align: center;\"><span style=\"font-family: georgia,palatino; font-size: small;\">L&rsquo;Amour est Bonheur,<\/span><\/h5>\n<h5 style=\"text-align: center;\"><span style=\"font-family: georgia,palatino; font-size: small;\">la haine malheur ;<\/span><\/h5>\n<h5 style=\"text-align: center;\"><span style=\"font-family: georgia,palatino; font-size: small;\">le Pardon \u00c9panouissement,<\/span><\/h5>\n<h5 style=\"text-align: center;\"><span style=\"font-family: georgia,palatino; font-size: small;\">le jugement enfermement ;<\/span><\/h5>\n<h5 style=\"text-align: center;\"><span style=\"font-family: georgia,palatino; font-size: small;\">la Confiance Ouverture,<\/span><\/h5>\n<h5 style=\"text-align: center;\"><span style=\"font-family: georgia,palatino; font-size: small;\">la peur fermeture.<\/span><\/h5>\n<p style=\"text-align: center;\">\u00b0\u00b0\u00b0<\/p>\n<h5 style=\"text-align: center;\"><span style=\"font-family: georgia,palatino; font-size: small;\">La Lumi\u00e8re Int\u00e9rieure<\/span><\/h5>\n<h5 style=\"text-align: center;\"><span style=\"font-family: georgia,palatino; font-size: small;\">Rayonne des Coeurs<\/span><\/h5>\n<h5 style=\"text-align: center;\"><span style=\"font-family: georgia,palatino; font-size: small;\">qui font le Bon choix<\/span><\/h5>\n<h5 style=\"text-align: center;\"><span style=\"font-family: georgia,palatino; font-size: small;\">d&rsquo;\u00eatre UN avec LE SOI en SOI.<\/span><\/h5>\n<p style=\"text-align: center;\">\u00b0\u00b0\u00b0<\/p>\n<h5 style=\"text-align: center;\"><span style=\"font-family: georgia,palatino; font-size: small;\">Ce que nous contemplons,<\/span><\/h5>\n<h5 style=\"text-align: center;\"><span style=\"font-family: georgia,palatino; font-size: small;\">\u00e0 coup s\u00fbr, nous le vivons.<\/span><\/h5>\n<h5 style=\"text-align: center;\"><span style=\"font-family: georgia,palatino; font-size: small;\">Nos propres croyances<\/span><\/h5>\n<h5 style=\"text-align: center;\"><span style=\"font-family: georgia,palatino; font-size: small;\">sont nos exp\u00e9riences.<\/span><\/h5>\n<p style=\"text-align: center;\">\u00b0\u00b0\u00b0<\/p>\n<h5 style=\"text-align: center;\"><span style=\"font-family: georgia,palatino; font-size: small;\">Connais-toi toi-m\u00eame et agis,<\/span><\/h5>\n<h5 style=\"text-align: center;\"><span style=\"font-family: georgia,palatino; font-size: small;\">Sois Vraiment et Aime la Vie !<\/span><\/h5>\n<h5 style=\"text-align: center;\">\u00b0\u00b0\u00b0<\/h5>\n<h5 style=\"text-align: center;\"><span style=\"font-family: georgia,palatino; font-size: small;\">Novembre 2014 &#8211; <span style=\"font-family: georgia,palatino; font-size: small;\">Louis Tissot<\/span><br \/>\n<\/span><\/h5>\n<h5 style=\"text-align: center;\"><span style=\"font-family: georgia,palatino; font-size: small;\">(Extrait du livre \u00a0\u00bbL&rsquo;\u00caTRE JE SUIS\u00a0\u00bb)<\/span><\/h5>\n<h5 style=\"text-align: center;\"><\/h5>\n<h5 style=\"text-align: center;\"><img class=\"aligncenter\" src=\"\/wp-content\/uploads\/2020\/12\/523684.jpg\" alt=\"gue1421\" \/><\/h5>\n<\/td>\n<\/tr>\n<\/tbody>\n<\/table>\n","protected":false},"excerpt":{"rendered":"<p>CHOIX DE VIE \u00b0 \u00b0\u00a0\u00a0\u00a0\u00a0\u00a0\u00a0\u00a0 \u00b0 L&rsquo;Amour est Bonheur, la haine malheur ; le Pardon \u00c9panouissement, le jugement enfermement ; la Confiance Ouverture, la peur fermeture. \u00b0\u00b0\u00b0 La Lumi\u00e8re Int\u00e9rieure Rayonne des Coeurs qui font le Bon choix d&rsquo;\u00eatre UN avec LE SOI en SOI. \u00b0\u00b0\u00b0 Ce que nous contemplons, \u00e0 coup s\u00fbr, nous le [&hellip;]<\/p>\n","protected":false},"author":1,"featured_media":0,"parent":0,"menu_order":0,"comment_status":"closed","ping_status":"closed","template":"","meta":[],"_links":{"self":[{"href":"https:\/\/www.louistissot.net\/index.php?rest_route=\/wp\/v2\/pages\/284"}],"collection":[{"href":"https:\/\/www.louistissot.net\/index.php?rest_route=\/wp\/v2\/pages"}],"about":[{"href":"https:\/\/www.louistissot.net\/index.php?rest_route=\/wp\/v2\/types\/page"}],"author":[{"embeddable":true,"href":"https:\/\/www.louistissot.net\/index.php?rest_route=\/wp\/v2\/users\/1"}],"replies":[{"embeddable":true,"href":"https:\/\/www.louistissot.net\/index.php?rest_route=%2Fwp%2Fv2%2Fcomments&post=284"}],"version-history":[{"count":3,"href":"https:\/\/www.louistissot.net\/index.php?rest_route=\/wp\/v2\/pages\/284\/revisions"}],"predecessor-version":[{"id":1372,"href":"https:\/\/www.louistissot.net\/index.php?rest_route=\/wp\/v2\/pages\/284\/revisions\/1372"}],"wp:attachment":[{"href":"https:\/\/www.louistissot.net\/index.php?rest_route=%2Fwp%2Fv2%2Fmedia&parent=284"}],"curies":[{"name":"wp","href":"https:\/\/api.w.org\/{rel}","templated":true}]}}