{"id":341,"date":"2020-12-24T16:39:41","date_gmt":"2020-12-24T15:39:41","guid":{"rendered":"http:\/\/lrufdqb.cluster030.hosting.ovh.net\/?page_id=341"},"modified":"2022-11-24T15:17:53","modified_gmt":"2022-11-24T14:17:53","slug":"lucidite","status":"publish","type":"page","link":"https:\/\/www.louistissot.net\/?page_id=341","title":{"rendered":"LUCIDITE"},"content":{"rendered":"<table width=\"100%\" cellspacing=\"0\" cellpadding=\"0\">\n<tbody>\n<tr>\n<td align=\"left\">\n<p style=\"text-align: center;\">\n<p style=\"text-align: center;\"><img src=\"\/wp-content\/uploads\/2020\/12\/555934.jpg\" alt=\"photo nature 3\" \/><\/p>\n<h3 style=\"text-align: center;\"><strong><span style=\"font-family: georgia,palatino; font-size: x-small;\">(Source : Pi\u00e8ce jointe \u00e0 un e-mail )<\/span><\/strong><\/h3>\n<h3 style=\"text-align: center;\"><strong><span style=\"font-family: georgia,palatino; font-size: small;\">LUCIDIT\u00c9<\/span><\/strong><\/h3>\n<h3 style=\"text-align: center;\"><strong><span style=\"font-family: georgia,palatino; font-size: small;\">\u00b0\u00b0\u00b0<\/span><\/strong><\/h3>\n<h3 style=\"text-align: center;\"><strong><span style=\"font-family: georgia,palatino; font-size: small;\">La Lumi\u00e8re est Relation de Conscience avec SOI.<\/span><\/strong><\/h3>\n<h3 style=\"text-align: center;\"><strong><span style=\"font-family: georgia,palatino; font-size: small;\">Tout le monde peut se tromper,<\/span><\/strong><\/h3>\n<h3 style=\"text-align: center;\"><strong><span style=\"font-family: georgia,palatino; font-size: small;\">puis d\u00e9cider de ne plus recommencer l&rsquo;\u00e9garement,<\/span><\/strong><\/h3>\n<h3 style=\"text-align: center;\"><strong><span style=\"font-family: georgia,palatino; font-size: small;\">afin de quitter l&rsquo;ignorance g\u00e9n\u00e9rant la souffrance,<\/span><\/strong><\/h3>\n<h3 style=\"text-align: center;\"><strong><span style=\"font-family: georgia,palatino; font-size: small;\">pour la Connaissance de SOI et le bien \u00eatre qui en d\u00e9coule.<\/span><\/strong><\/h3>\n<h3 style=\"text-align: center;\"><strong>&#8212;<\/strong><\/h3>\n<h3 style=\"text-align: center;\"><strong><span style=\"font-family: georgia,palatino; font-size: small;\">Nos erreurs du pass\u00e9 comprises et pardonn\u00e9es<\/span><\/strong><\/h3>\n<h3 style=\"text-align: center;\"><strong><span style=\"font-family: georgia,palatino; font-size: small;\">sont des tremplins au pr\u00e9sent<\/span><\/strong><\/h3>\n<h3 style=\"text-align: center;\"><strong><span style=\"font-family: georgia,palatino; font-size: small;\">pour un futur meilleur.<\/span><\/strong><\/h3>\n<h3 style=\"text-align: center;\"><strong>&#8212;<\/strong><\/h3>\n<h3 style=\"margin-bottom: 0cm; font-weight: normal; text-align: center;\" align=\"CENTER\"><strong><span style=\"font-size: small;\">Le Pardon est Amour Inconditionnel <\/span><\/strong><\/h3>\n<h3 style=\"margin-bottom: 0cm; font-weight: normal; text-align: center;\" align=\"CENTER\"><strong><span style=\"font-size: small;\">de L&rsquo;\u00caTRE Parfait, Accompli, Manifest\u00e9 <\/span><\/strong><\/h3>\n<h3 style=\"margin-bottom: 0cm; font-weight: normal; text-align: center;\" align=\"CENTER\"><strong><span style=\"font-size: small;\">en tant que la Seule R\u00e9alit\u00e9 Immuable<\/span><\/strong><\/h3>\n<h3 style=\"margin-bottom: 0cm; font-weight: normal; text-align: center;\" align=\"CENTER\"><strong><span style=\"font-size: small;\">de Tous en Unit\u00e9 Indivisible.<\/span><\/strong><\/h3>\n<h3 style=\"margin-bottom: 0cm; font-weight: normal; text-align: center;\" align=\"CENTER\"><strong>&#8212;<\/strong><\/h3>\n<h3 style=\"margin-bottom: 0cm; font-weight: normal; text-align: center;\" align=\"CENTER\"><strong><span style=\"font-size: small;\">\u00catre Pr\u00e9sence est Sublime Pardon <\/span><\/strong><\/h3>\n<h3 style=\"margin-bottom: 0cm; font-weight: normal; text-align: center;\" align=\"CENTER\"><strong><span style=\"font-size: small;\">dans l&rsquo;Unit\u00e9 R\u00e9alis\u00e9e en Pleine Conscience. <\/span><\/strong><\/h3>\n<h3 style=\"margin-bottom: 0cm; font-weight: normal; text-align: center;\" align=\"CENTER\"><strong><span style=\"font-size: small;\">Le bon moment pour Pardonner est maintenant.<\/span><\/strong><\/h3>\n<h3 style=\"margin-bottom: 0cm; font-weight: normal; text-align: center;\" align=\"CENTER\"><strong>&#8212;<\/strong><\/h3>\n<h3 style=\"margin-bottom: 0cm; font-weight: normal; text-align: center;\" align=\"CENTER\"><strong><span style=\"font-family: georgia,palatino; font-size: small;\">La Lumi\u00e8re qui vient du Coeur<\/span><\/strong><\/h3>\n<h3 style=\"margin-bottom: 0cm; font-weight: normal; text-align: center;\" align=\"CENTER\"><strong><span style=\"font-family: georgia,palatino; font-size: small;\">\u00a0nous ouvre \u00e0 une plus grande compr\u00e9hension de Soi,<\/span><\/strong><\/h3>\n<h3 style=\"margin-bottom: 0cm; font-weight: normal; text-align: center;\" align=\"CENTER\"><strong><span style=\"font-family: georgia,palatino; font-size: small;\">pour mieux partager notre Chemin de Vie,<\/span><\/strong><\/h3>\n<h3 style=\"margin-bottom: 0cm; font-weight: normal; text-align: center;\" align=\"CENTER\"><strong><span style=\"font-family: georgia,palatino; font-size: small;\">afin d\u2019\u00eatre heureux Tous ensemble.<\/span><\/strong><\/h3>\n<h3 style=\"margin-bottom: 0cm; font-weight: normal; text-align: center;\" align=\"CENTER\"><strong>&#8212;<\/strong><\/h3>\n<h3 style=\"text-align: center;\"><strong><span style=\"font-family: georgia,palatino; font-size: small;\">Le courage est Naturel dans l\u2019Identification V\u00e9ritable<\/span><\/strong><\/h3>\n<h3 style=\"text-align: center;\"><strong><span style=\"font-family: georgia,palatino; font-size: small;\">car notre conviction de la R\u00e9alisation<\/span><\/strong><\/h3>\n<h3 style=\"text-align: center;\"><strong><span style=\"font-family: georgia,palatino; font-size: small;\">repose sur l\u2019Action Perp\u00e9tuelle<\/span><\/strong><\/h3>\n<h3 style=\"text-align: center;\"><strong><span style=\"font-family: georgia,palatino; font-size: small;\">de la Grande Pr\u00e9sence d\u2019Amour qui nous anime tous.<br \/>\n<\/span><\/strong><\/h3>\n<h3 style=\"margin-bottom: 0cm; font-weight: normal; text-align: center;\" align=\"CENTER\"><strong><img src=\"\/wp-content\/uploads\/2020\/12\/556060.jpg\" alt=\"IMG 2809 2\" \/><\/strong><\/h3>\n<h3 style=\"margin-bottom: 0cm; font-weight: normal; text-align: center;\" align=\"CENTER\"><strong><span style=\"font-family: georgia,palatino; font-size: x-small;\">(Source : e-mail -internet)<\/span><\/strong><br \/>\n<strong>\u00b0\u00b0\u00b0<\/strong><\/h3>\n<h3 style=\"text-align: center;\"><strong><span style=\"font-family: georgia,palatino; font-size: small;\">Avec Lucidit\u00e9, en ontologie\u00a0 pratique,<\/span><\/strong><br \/>\n<strong><span style=\"font-family: georgia,palatino; font-size: small;\">nous pouvons choisir comme devise :<\/span><\/strong><br \/>\n<strong><span style=\"font-family: georgia,palatino; font-size: small;\">Ne pas subir, \u00caTRE pour transmettre.<\/span><\/strong><br \/>\n<strong>&#8212;<\/strong><\/h3>\n<h3 style=\"margin-bottom: 0cm; font-weight: normal; text-align: center;\" align=\"CENTER\"><strong><span style=\"font-family: georgia,palatino; font-size: small;\">L\u2019\u00caTRE est en Permanence L\u2019\u00caTRE.<\/span><\/strong><br \/>\n<strong><span style=\"font-family: georgia,palatino; font-size: small;\">JE SUIS est \u00c9ternellement L\u2019\u00caTRE-JE SUIS.<\/span><\/strong><br \/>\n<strong><span style=\"font-family: georgia,palatino; font-size: small;\">Ce que Nous sommes Vraiment,<\/span><\/strong><br \/>\n<strong><span style=\"font-family: georgia,palatino; font-size: small;\">Nous Le sommes d\u00e9j\u00e0 depuis toujours.<\/span><\/strong><\/h3>\n<h3 style=\"margin-bottom: 0cm; font-weight: normal; text-align: center;\" align=\"CENTER\"><strong>&#8212;<\/strong><\/h3>\n<h3 style=\"text-align: center;\"><strong><span style=\"font-family: georgia,palatino; font-size: small;\">L\u2019\u00caTRE est JE SUIS. LE UN est Tous.<\/span><\/strong><br \/>\n<strong><span style=\"font-family: georgia,palatino; font-size: small;\">Tous sont LE UN que JE SUIS EST,<\/span><\/strong><br \/>\n<strong><span style=\"font-family: georgia,palatino; font-size: small;\">Ici et Maintenant, Partout pour l\u2019\u00c9ternit\u00e9.<br \/>\n<\/span><\/strong><\/h3>\n<h3 style=\"margin-bottom: 0cm; font-weight: normal; text-align: center;\" align=\"CENTER\"><strong>&#8212;<\/strong><\/h3>\n<h3 style=\"margin-bottom: 0cm; font-weight: normal; text-align: center;\" align=\"CENTER\"><strong><span style=\"font-size: small;\">Subir ou culpabiliser n&rsquo;est pas \u00eatre Vraiment.<\/span><\/strong><\/h3>\n<h3 style=\"margin-bottom: 0cm; font-weight: normal; text-align: center;\" align=\"CENTER\"><strong><span style=\"font-size: small;\">L&rsquo;avenir n&rsquo;a pas \u00e0 \u00eatre subi ou redout\u00e9\u00a0;<\/span><\/strong><\/h3>\n<h3 style=\"margin-bottom: 0cm; font-weight: normal; text-align: center;\" align=\"CENTER\"><strong><span style=\"font-size: small;\">il se pr\u00e9pare en totalit\u00e9 au pr\u00e9sent.<\/span><\/strong><\/h3>\n<h3 style=\"margin-bottom: 0cm; font-weight: normal; text-align: center;\" align=\"CENTER\"><strong><img src=\"\/wp-content\/uploads\/2020\/12\/556020.jpg\" alt=\"Photo mer\" \/><\/strong><\/h3>\n<h3 style=\"margin-bottom: 0cm; font-weight: normal; text-align: center;\" align=\"CENTER\"><strong><span style=\"font-family: georgia,palatino; font-size: small;\"><span style=\"font-family: georgia,palatino; font-size: x-small;\">(Source : e-mail -internet)<\/span><\/span><\/strong><\/h3>\n<h3 style=\"margin-bottom: 0cm; font-weight: normal; text-align: center;\" align=\"CENTER\"><strong><span style=\"font-family: georgia,palatino; font-size: small;\">\u00b0\u00b0\u00b0<\/span><\/strong><\/h3>\n<h3 style=\"margin-bottom: 0cm; font-weight: normal; text-align: center;\" align=\"CENTER\"><strong><span style=\"font-size: small;\">La Pure Substance est l&rsquo;Entier de Nous Tous\u00a0;<\/span><\/strong><\/h3>\n<h3 style=\"margin-bottom: 0cm; font-weight: normal; text-align: center;\" align=\"CENTER\"><strong><span style=\"font-size: small;\">en toute Lucidit\u00e9, LE UN est Pure Lumi\u00e8re Form\u00e9e.<\/span><\/strong><\/h3>\n<h3 style=\"margin-bottom: 0cm; font-weight: normal; text-align: center;\" align=\"CENTER\"><strong><span style=\"font-size: small;\">Dans Ce qui est Unique, Nous ne pouvons \u00eatre que CELA.<\/span><\/strong><\/h3>\n<h3 style=\"margin-bottom: 0cm; font-weight: normal; text-align: center;\" align=\"CENTER\"><strong>&#8212;<\/strong><\/h3>\n<h3 style=\"margin-bottom: 0cm; font-weight: normal; text-align: center;\" align=\"CENTER\"><strong><span style=\"font-size: small;\">Pr\u00e9parer la manifestation du Bien choisi et Inspir\u00e9 par la Contemplation <\/span><\/strong><\/h3>\n<h3 style=\"margin-bottom: 0cm; font-weight: normal; text-align: center;\" align=\"CENTER\"><strong><span style=\"font-size: small;\">est le Secret Ouvert de la r\u00e9alisation de l&rsquo;Excellence, en tous domaines.<\/span><\/strong><\/h3>\n<h3 style=\"margin-bottom: 0cm; font-weight: normal; text-align: center;\" align=\"CENTER\"><strong><span style=\"font-size: small;\">Rester Lucide au Bien Pr\u00e9sent dans tous les Coeurs est gage de Bonheur.<\/span><\/strong><\/h3>\n<h3 style=\"margin-bottom: 0cm; font-weight: normal; text-align: center;\" align=\"CENTER\"><strong>&#8212;<\/strong><\/h3>\n<h3 style=\"margin-bottom: 0cm; font-weight: normal; text-align: center;\" align=\"CENTER\"><strong><span style=\"font-size: small;\">La libre Transmission est la continuit\u00e9 Naturelle de la Maturit\u00e9 Consciente <\/span><\/strong><\/h3>\n<h3 style=\"margin-bottom: 0cm; font-weight: normal; text-align: center;\" align=\"CENTER\"><strong><span style=\"font-size: small;\">de l&rsquo;Art d&rsquo;\u00eatre L&rsquo;\u00caTRE, comme \u00e9tant Nous Tous en UN. <\/span><\/strong><\/h3>\n<h3 style=\"margin-bottom: 0cm; font-weight: normal; text-align: center;\" align=\"CENTER\"><strong><span style=\"font-size: small;\">Le Bonheur de L&rsquo;UN est Celui de Tous, en \u00e9tant LUI et nul autre.<\/span><\/strong><\/h3>\n<h3 style=\"margin-bottom: 0cm; font-weight: normal; text-align: center;\" align=\"CENTER\"><strong>&#8212;<\/strong><\/h3>\n<h3 style=\"margin-bottom: 0cm; font-weight: normal; text-align: center;\" align=\"CENTER\"><strong><span style=\"font-size: small;\">Le processus Pardon-Gu\u00e9rison s&rsquo;apparente \u00e0 celui de l&rsquo;informatique.<\/span><\/strong><\/h3>\n<h3 style=\"margin-bottom: 0cm; font-weight: normal; text-align: center;\" align=\"CENTER\"><strong><span style=\"font-size: small;\">Suivant notre d\u00e9cision, l&rsquo;ordinateur ex\u00e9cute imm\u00e9diatement.<\/span><\/strong><\/h3>\n<h3 style=\"margin-bottom: 0cm; font-weight: normal; text-align: center;\" align=\"CENTER\"><strong><span style=\"font-size: small;\">L&rsquo;ancien document n&rsquo;existe plus remplac\u00e9 par le nouveau<\/span><\/strong><\/h3>\n<h3 style=\"margin-bottom: 0cm; font-weight: normal; text-align: center;\" align=\"CENTER\"><strong><span style=\"font-size: small;\">pour agr\u00e9menter les besoins \u00e0 venir.<\/span><\/strong><\/h3>\n<h3 style=\"margin-bottom: 0cm; font-weight: normal; text-align: center;\" align=\"CENTER\"><\/h3>\n<h3 style=\"margin-bottom: 0cm; font-weight: normal; text-align: center;\" align=\"CENTER\"><strong><span style=\"font-size: small;\"><img src=\"\/wp-content\/uploads\/2020\/12\/556021.jpg\" alt=\"img 4027 2\" \/><\/span><\/strong><\/h3>\n<h3 style=\"margin-bottom: 0cm; font-weight: normal; text-align: center;\" align=\"CENTER\"><strong><span style=\"font-size: small;\"><span style=\"font-family: georgia,palatino; font-size: x-small;\">(Source : e-mail -internet)<\/span><\/span><\/strong><\/h3>\n<h3 style=\"margin-bottom: 0cm; font-weight: normal; text-align: center;\" align=\"CENTER\"><strong><span style=\"font-family: georgia,palatino; font-size: small;\">\u00b0\u00b0\u00b0<\/span><\/strong><\/h3>\n<h3 style=\"margin-bottom: 0cm; font-weight: normal; text-align: center;\" align=\"CENTER\"><strong><span style=\"font-size: small;\">Le Pr\u00e9sent Harmonieux que Nous retenons en conscience <\/span><\/strong><\/h3>\n<h3 style=\"margin-bottom: 0cm; font-weight: normal; text-align: center;\" align=\"CENTER\"><strong><span style=\"font-size: small;\">efface le pass\u00e9 troubl\u00e9, pour vivre le futur en Pl\u00e9nitude du Bien choisi,<\/span><\/strong><\/h3>\n<h3 style=\"margin-bottom: 0cm; font-weight: normal; text-align: center;\" align=\"CENTER\"><strong><span style=\"font-size: small;\">gr\u00e2ce \u00e0 L&rsquo;\u00caTRE qui nous fait \u00eatre \u00e0 \u00a0\u00bbSon Image et \u00e0 Sa Ressemblance\u00a0\u00bb.<\/span><\/strong><\/h3>\n<h3 style=\"margin-bottom: 0cm; font-weight: normal; text-align: center;\" align=\"CENTER\"><strong>&#8212;<\/strong><\/h3>\n<h3 style=\"margin-bottom: 0cm; font-weight: normal; text-align: center;\" align=\"CENTER\"><strong><span style=\"font-size: small;\">Pardonner c&rsquo;est Aimer le R\u00e9el Parfait qui est Pr\u00e9sence-Vie en tant que Tous.<\/span><\/strong><\/h3>\n<h3 style=\"margin-bottom: 0cm; font-weight: normal; text-align: center;\" align=\"CENTER\"><strong><span style=\"font-size: small;\">Reconna\u00eetre ses erreurs par l&rsquo;\u00c9veil de la Conscience au Plan Parfait du SOI<\/span><\/strong><\/h3>\n<h3 style=\"margin-bottom: 0cm; font-weight: normal; text-align: center;\" align=\"CENTER\"><strong><span style=\"font-size: small;\">est Lib\u00e9ration du r\u00eave troubl\u00e9 de l&rsquo;ego inquisiteur.<\/span><\/strong><\/h3>\n<h3 style=\"text-align: center;\"><strong>&#8212;<\/strong><\/h3>\n<h3 style=\"text-align: center;\"><strong><span style=\"font-family: georgia,palatino; font-size: small;\">Faire la guerre pour imposer ses croyances<\/span><\/strong><\/h3>\n<h3 style=\"text-align: center;\"><strong><span style=\"font-family: georgia,palatino; font-size: small;\">est aveuglement de l&rsquo;ego destructeur.<\/span><\/strong><\/h3>\n<h3 style=\"text-align: center;\"><strong><span style=\"font-family: georgia,palatino; font-size: small;\">L&rsquo;Amour inconditionnel est Paix du Coeur<\/span><\/strong><\/h3>\n<h3 style=\"text-align: center;\"><strong><span style=\"font-family: georgia,palatino; font-size: small;\">dans le respect mutuel de la libert\u00e9 d&rsquo;expression.<\/span><\/strong><\/h3>\n<h3 style=\"text-align: center;\"><strong><img src=\"\/wp-content\/uploads\/2020\/12\/555935.jpg\" alt=\"Fleurs coeur 2\" \/><\/strong><\/h3>\n<h3 style=\"text-align: center;\"><strong><span style=\"font-family: georgia,palatino; font-size: x-small;\">(Source : e-mail -internet)<\/span><\/strong><\/h3>\n<h3 style=\"text-align: center;\"><strong><span style=\"font-family: georgia,palatino; font-size: small;\">\u00b0\u00b0\u00b0<\/span><\/strong><\/h3>\n<h3 style=\"text-align: center;\"><strong><span style=\"font-family: georgia,palatino; font-size: small;\">Tous les chemins tol\u00e9rants, religieux ou philosophiques,<\/span><\/strong><\/h3>\n<h3 style=\"text-align: center;\"><strong><span style=\"font-family: georgia,palatino; font-size: small;\">m\u00e9ritent d&rsquo;\u00eatre respect\u00e9s, dans la conscience du droit \u00e0 la diff\u00e9rence.<\/span><\/strong><\/h3>\n<h3 style=\"text-align: center;\"><strong><span style=\"font-family: georgia,palatino; font-size: small;\">Face \u00e0 chaque situation, soyons toujours lucides, en reconnaissant clairement<\/span><\/strong><\/h3>\n<h3 style=\"text-align: center;\"><strong><span style=\"font-family: georgia,palatino; font-size: small;\">que l&rsquo;Unit\u00e9 Spirituelle Constante est Pr\u00e9sence-Vie dans la diversit\u00e9 manifest\u00e9e.<\/span><\/strong><\/h3>\n<h3 style=\"text-align: center;\"><strong>&#8212;<\/strong><\/h3>\n<h3 style=\"text-align: center;\"><strong><span style=\"font-family: georgia,palatino; font-size: small;\">Savoir se taire lorsqu&rsquo;on a raison,<\/span><\/strong><\/h3>\n<h3 style=\"text-align: center;\"><strong><span style=\"font-family: georgia,palatino; font-size: small;\">et oser le reconna\u00eetre lorsqu&rsquo;on a tort,<\/span><\/strong><\/h3>\n<h3 style=\"text-align: center;\"><strong><span style=\"font-family: georgia,palatino; font-size: small;\">sont des attitudes qui pr\u00e9servent l&rsquo;harmonie ambiante.<\/span><\/strong><\/h3>\n<h3 style=\"text-align: center;\"><strong>&#8212;<\/strong><\/h3>\n<h3 style=\"text-align: center;\"><strong><span style=\"font-family: georgia,palatino; font-size: small;\">Chacun peut \u00eatre sinc\u00e8re en v\u00e9hiculant une id\u00e9e fausse,<\/span><\/strong><\/h3>\n<h3 style=\"text-align: center;\"><strong><span style=\"font-family: georgia,palatino; font-size: small;\">et \u00eatre aussi sinc\u00e8re quand l&rsquo;id\u00e9e Juste l&rsquo;aura remplac\u00e9e,<\/span><\/strong><\/h3>\n<h3 style=\"text-align: center;\"><strong><span style=\"font-family: georgia,palatino; font-size: small;\">gr\u00e2ce \u00e0 la Lucidit\u00e9 qu&rsquo;apporte la R\u00e9v\u00e9lation du R\u00e9el Infini.<\/span><\/strong><\/h3>\n<h3 style=\"text-align: center;\"><strong><img src=\"\/wp-content\/uploads\/2020\/12\/555936.jpg\" alt=\"img 3379 2 internet\" \/><\/strong><br \/>\n<strong><span style=\"font-family: georgia,palatino; font-size: small;\"><span style=\"font-family: georgia,palatino; font-size: x-small;\">(Source : e-mail -internet)<\/span><\/span><\/strong><\/h3>\n<h3 style=\"text-align: center;\"><strong><span style=\"font-family: georgia,palatino; font-size: small;\">\u00b0\u00b0\u00b0<\/span><\/strong><\/h3>\n<h3 style=\"text-align: center;\"><strong><span style=\"font-family: georgia,palatino; font-size: small;\">La prise de conscience de notre R\u00e9alit\u00e9 Spirituelle<\/span><\/strong><\/h3>\n<h3 style=\"text-align: center;\"><strong><span style=\"font-family: georgia,palatino; font-size: small;\">est Lib\u00e9ratrice de tous les faux semblants.<\/span><\/strong><\/h3>\n<h3 style=\"text-align: center;\"><strong><span style=\"font-family: georgia,palatino; font-size: small;\">Para\u00eetre est trompeur temporaire ;<\/span><\/strong><\/h3>\n<h3 style=\"text-align: center;\"><strong><span style=\"font-family: georgia,palatino; font-size: small;\">\u00catre L&rsquo;\u00caTRE est V\u00e9rit\u00e9 \u00c9ternelle.<\/span><\/strong><\/h3>\n<h3 style=\"text-align: center;\"><strong>&#8212;<\/strong><\/h3>\n<h3 style=\"text-align: center;\"><strong><span style=\"font-family: georgia,palatino; font-size: small;\">Ces Paroles de J\u00e9sus peuvent nous aider \u00e0 garder la Lucidit\u00e9 :<\/span><\/strong><\/h3>\n<h3 style=\"text-align: center;\"><strong><span style=\"font-family: georgia,palatino; font-size: small;\">\u00a0\u00bbMoi non plus je ne te condamne pas, va et ne p\u00e8che plus.\u00a0\u00bb<\/span><\/strong><\/h3>\n<h3 style=\"text-align: center;\"><strong><span style=\"font-family: georgia,palatino; font-size: small;\">Le Pardon est d\u00e9livrance karmique totale<\/span><\/strong><\/h3>\n<h3 style=\"text-align: center;\"><strong><span style=\"font-family: georgia,palatino; font-size: small;\">qui ouvre au Ressenti de la Transparence.<\/span><\/strong><\/h3>\n<h3 style=\"text-align: center;\"><strong>&#8212;<\/strong><\/h3>\n<h3 style=\"text-align: center;\"><strong><span style=\"font-family: georgia,palatino; font-size: small;\">Le But Supr\u00eame Ontologique de chacun d&rsquo;entre Nous<\/span><\/strong><\/h3>\n<h3 style=\"text-align: center;\"><strong><span style=\"font-family: georgia,palatino; font-size: small;\">est d\u00e9j\u00e0 notre Vraie Nature Spirituelle, ici et maintenant.<\/span><\/strong><\/h3>\n<h3 style=\"text-align: center;\"><strong><span style=\"font-family: georgia,palatino; font-size: small;\">Celui qui est n&rsquo;a pas \u00e0 \u00a0\u00bbdevenir\u00a0\u00bb : IL EST !<\/span><\/strong><\/h3>\n<h3 style=\"text-align: center;\"><strong>&#8212;<\/strong><\/h3>\n<h3 style=\"text-align: center;\"><strong><span style=\"font-family: georgia,palatino; font-size: small;\">Qui que Tu sois, que Tu le crois ou non,<\/span><\/strong><\/h3>\n<h3 style=\"text-align: center;\"><strong><span style=\"font-family: georgia,palatino; font-size: small;\">la Lumi\u00e8re qui ne s&rsquo;\u00e9teint jamais<\/span><\/strong><\/h3>\n<h3 style=\"text-align: center;\"><strong><span style=\"font-family: georgia,palatino; font-size: small;\">est L&rsquo;\u00caTRE que Tu es Vraiment.<\/span><\/strong><\/h3>\n<h3 style=\"text-align: center;\"><strong><span style=\"font-family: georgia,palatino; font-size: small;\">\u00b0\u00b0\u00b0<\/span><\/strong><\/h3>\n<h3 style=\"text-align: center;\"><strong><span style=\"font-family: georgia,palatino; font-size: small;\">D\u00e9cembre 2015 \u2013 Louis Tissot<\/span><\/strong><\/h3>\n<h3 style=\"text-align: center;\"><strong><img src=\"\/wp-content\/uploads\/2020\/12\/555937.jpg\" alt=\"IMG 3831 2 internet\" \/><\/strong><\/h3>\n<h3 style=\"text-align: center;\"><strong><span style=\"font-family: georgia,palatino; font-size: x-small;\">(Source : Pi\u00e8ce jointe \u00e0 un e-mail )<\/span><\/strong><\/h3>\n<\/td>\n<\/tr>\n<\/tbody>\n<\/table>\n","protected":false},"excerpt":{"rendered":"<p>(Source : Pi\u00e8ce jointe \u00e0 un e-mail ) LUCIDIT\u00c9 \u00b0\u00b0\u00b0 La Lumi\u00e8re est Relation de Conscience avec SOI. Tout le monde peut se tromper, puis d\u00e9cider de ne plus recommencer l&rsquo;\u00e9garement, afin de quitter l&rsquo;ignorance g\u00e9n\u00e9rant la souffrance, pour la Connaissance de SOI et le bien \u00eatre qui en d\u00e9coule. &#8212; Nos erreurs du pass\u00e9 [&hellip;]<\/p>\n","protected":false},"author":1,"featured_media":0,"parent":0,"menu_order":0,"comment_status":"closed","ping_status":"closed","template":"","meta":[],"_links":{"self":[{"href":"https:\/\/www.louistissot.net\/index.php?rest_route=\/wp\/v2\/pages\/341"}],"collection":[{"href":"https:\/\/www.louistissot.net\/index.php?rest_route=\/wp\/v2\/pages"}],"about":[{"href":"https:\/\/www.louistissot.net\/index.php?rest_route=\/wp\/v2\/types\/page"}],"author":[{"embeddable":true,"href":"https:\/\/www.louistissot.net\/index.php?rest_route=\/wp\/v2\/users\/1"}],"replies":[{"embeddable":true,"href":"https:\/\/www.louistissot.net\/index.php?rest_route=%2Fwp%2Fv2%2Fcomments&post=341"}],"version-history":[{"count":3,"href":"https:\/\/www.louistissot.net\/index.php?rest_route=\/wp\/v2\/pages\/341\/revisions"}],"predecessor-version":[{"id":1228,"href":"https:\/\/www.louistissot.net\/index.php?rest_route=\/wp\/v2\/pages\/341\/revisions\/1228"}],"wp:attachment":[{"href":"https:\/\/www.louistissot.net\/index.php?rest_route=%2Fwp%2Fv2%2Fmedia&parent=341"}],"curies":[{"name":"wp","href":"https:\/\/api.w.org\/{rel}","templated":true}]}}