{"id":359,"date":"2020-12-24T16:49:13","date_gmt":"2020-12-24T15:49:13","guid":{"rendered":"http:\/\/lrufdqb.cluster030.hosting.ovh.net\/?page_id=359"},"modified":"2022-11-25T16:30:17","modified_gmt":"2022-11-25T15:30:17","slug":"innovations","status":"publish","type":"page","link":"https:\/\/www.louistissot.net\/?page_id=359","title":{"rendered":"INNOVATIONS"},"content":{"rendered":"<table width=\"100%\" cellspacing=\"0\" cellpadding=\"0\">\n<tbody>\n<tr>\n<td align=\"left\">\n<p style=\"text-align: center;\"><strong><span style=\"font-family: georgia,palatino; font-size: small;\"><img src=\"\/wp-content\/uploads\/2020\/12\/557974.jpg\" alt=\"IMG 2668 2\" \/><\/span><\/strong><\/p>\n<h3 style=\"text-align: center;\"><strong><span style=\"font-family: georgia,palatino; font-size: small;\">INNOVATIONS<\/span><\/strong><\/h3>\n<h3 style=\"text-align: center;\"><strong><span style=\"font-family: georgia,palatino; font-size: small;\">\u00b0<\/span><\/strong><\/h3>\n<h3 style=\"text-align: center;\"><strong><span style=\"font-family: georgia,palatino; font-size: small;\">\u00b0\u00a0\u00a0\u00a0\u00a0\u00a0\u00a0 \u00b0<\/span><\/strong><\/h3>\n<h3 style=\"text-align: center;\"><span style=\"font-family: georgia,palatino; font-size: small;\">La d\u00e9couverte de SOI R\u00e9v\u00e8le<\/span><\/h3>\n<h3 style=\"text-align: center;\"><span style=\"font-family: georgia,palatino; font-size: small;\">l&rsquo;\u00c9vidence du Plan Parfait Cosmique.<\/span><\/h3>\n<h3 style=\"text-align: center;\"><span style=\"font-family: georgia,palatino; font-size: small;\">Si l&rsquo;\u00caTRE est UN, SEUL et UNIQUE, <\/span><\/h3>\n<h3 style=\"text-align: center;\"><span style=\"font-family: georgia,palatino; font-size: small;\">comment la science des hommes pourrait-elle \u00ab\u00a0cr\u00e9er\u00a0\u00bb<\/span><\/h3>\n<h3 style=\"text-align: center;\"><span style=\"font-family: georgia,palatino; font-size: small;\"> quelque chose de Bon et Durable <\/span><\/h3>\n<h3 style=\"text-align: center;\"><span style=\"font-family: georgia,palatino; font-size: small;\">\u00ab\u00a0en plus\u00a0\u00bb de ce qui est d\u00e9j\u00e0 Tout Bien en Tout ?<\/span><\/h3>\n<h3 style=\"text-align: center;\"><span style=\"font-family: georgia,palatino; font-size: small;\">O\u00f9 est la Source d&rsquo;Inspirations <\/span><\/h3>\n<h3 style=\"text-align: center;\"><span style=\"font-family: georgia,palatino; font-size: small;\">pour tous les chercheurs <\/span><span style=\"font-family: georgia,palatino; font-size: small;\">du monde entier ? <\/span><\/h3>\n<h3 style=\"text-align: center;\"><\/h3>\n<h3 style=\"text-align: center;\"><span style=\"font-family: georgia,palatino; font-size: small;\">Par son questionnement, Lamartine <\/span><span style=\"font-family: georgia,palatino; font-size: small;\">nous interpelle <\/span><\/h3>\n<h3 style=\"text-align: center;\"><span style=\"font-family: georgia,palatino; font-size: small;\">en laissant perplexes, dans un premier <\/span><span style=\"font-family: georgia,palatino; font-size: small;\">temps, <\/span><\/h3>\n<h3 style=\"text-align: center;\"><span style=\"font-family: georgia,palatino; font-size: small;\">les \u00a0\u00bbd\u00e9couvreurs\u00a0\u00bb de la Vraie Vie :<\/span><\/h3>\n<h3 style=\"text-align: center;\"><span style=\"font-family: georgia,palatino; font-size: small;\"> \u00ab\u00a0Objets <\/span><span style=\"font-family: georgia,palatino; font-size: small;\">inanim\u00e9s avez-vous donc une \u00e2me <\/span><\/h3>\n<h3 style=\"text-align: center;\"><span style=\"font-family: georgia,palatino; font-size: small;\">qui s&rsquo;attache \u00e0 notre <\/span><span style=\"font-family: georgia,palatino; font-size: small;\">\u00e2me et la force d&rsquo;aimer ? \u00ab\u00a0<\/span><\/h3>\n<h3 style=\"text-align: center;\"><span style=\"font-family: georgia,palatino; font-size: small;\">\u00b0\u00b0\u00b0<\/span><\/h3>\n<h3 style=\"text-align: center;\"><span style=\"font-family: georgia,palatino; font-size: small;\">2014 &#8211; Louis Tissot<\/span><\/h3>\n<p style=\"text-align: center;\"><span style=\"font-family: georgia,palatino; font-size: small;\"><img src=\"\/wp-content\/uploads\/2020\/12\/557975.jpg\" alt=\"IMG 2670 2\" \/><\/span><\/p>\n<\/td>\n<\/tr>\n<\/tbody>\n<\/table>\n","protected":false},"excerpt":{"rendered":"<p>INNOVATIONS \u00b0 \u00b0\u00a0\u00a0\u00a0\u00a0\u00a0\u00a0 \u00b0 La d\u00e9couverte de SOI R\u00e9v\u00e8le l&rsquo;\u00c9vidence du Plan Parfait Cosmique. Si l&rsquo;\u00caTRE est UN, SEUL et UNIQUE, comment la science des hommes pourrait-elle \u00ab\u00a0cr\u00e9er\u00a0\u00bb quelque chose de Bon et Durable \u00ab\u00a0en plus\u00a0\u00bb de ce qui est d\u00e9j\u00e0 Tout Bien en Tout ? O\u00f9 est la Source d&rsquo;Inspirations pour tous les chercheurs [&hellip;]<\/p>\n","protected":false},"author":1,"featured_media":0,"parent":0,"menu_order":0,"comment_status":"closed","ping_status":"closed","template":"","meta":[],"_links":{"self":[{"href":"https:\/\/www.louistissot.net\/index.php?rest_route=\/wp\/v2\/pages\/359"}],"collection":[{"href":"https:\/\/www.louistissot.net\/index.php?rest_route=\/wp\/v2\/pages"}],"about":[{"href":"https:\/\/www.louistissot.net\/index.php?rest_route=\/wp\/v2\/types\/page"}],"author":[{"embeddable":true,"href":"https:\/\/www.louistissot.net\/index.php?rest_route=\/wp\/v2\/users\/1"}],"replies":[{"embeddable":true,"href":"https:\/\/www.louistissot.net\/index.php?rest_route=%2Fwp%2Fv2%2Fcomments&post=359"}],"version-history":[{"count":3,"href":"https:\/\/www.louistissot.net\/index.php?rest_route=\/wp\/v2\/pages\/359\/revisions"}],"predecessor-version":[{"id":1259,"href":"https:\/\/www.louistissot.net\/index.php?rest_route=\/wp\/v2\/pages\/359\/revisions\/1259"}],"wp:attachment":[{"href":"https:\/\/www.louistissot.net\/index.php?rest_route=%2Fwp%2Fv2%2Fmedia&parent=359"}],"curies":[{"name":"wp","href":"https:\/\/api.w.org\/{rel}","templated":true}]}}