{"id":368,"date":"2020-12-24T16:52:39","date_gmt":"2020-12-24T15:52:39","guid":{"rendered":"http:\/\/lrufdqb.cluster030.hosting.ovh.net\/?page_id=368"},"modified":"2022-11-25T16:51:34","modified_gmt":"2022-11-25T15:51:34","slug":"claire-lumiere","status":"publish","type":"page","link":"https:\/\/www.louistissot.net\/?page_id=368","title":{"rendered":"CLAIRE LUMIERE"},"content":{"rendered":"<table width=\"100%\" cellspacing=\"0\" cellpadding=\"0\">\n<tbody>\n<tr>\n<td align=\"left\">\n<p style=\"text-align: center;\"><strong><span style=\"font-family: georgia,palatino; font-size: small;\"><img src=\"\/wp-content\/uploads\/2020\/12\/537389.jpg\" alt=\"IMG 2663-2\" \/><\/span><\/strong><\/p>\n<h3 style=\"text-align: center;\"><strong><span style=\"font-family: georgia,palatino; font-size: small;\">CLAIRE LUMI\u00c8RE<\/span><\/strong><\/h3>\n<h3 style=\"text-align: center;\">\u00b0\u00b0\u00b0<\/h3>\n<h3 style=\"text-align: center;\"><span style=\"font-family: georgia,palatino; font-size: small;\">L&rsquo;ego est dualiste (bien-mal),<\/span><\/h3>\n<h3 style=\"text-align: center;\"><span style=\"font-family: georgia,palatino; font-size: small;\">L&rsquo;\u00caTRE est Unitaire (Perfection).<\/span><\/h3>\n<h3 style=\"text-align: center;\"><span style=\"font-family: georgia,palatino; font-size: small;\">Le multiple apparent semble s\u00e9par\u00e9,<\/span><\/h3>\n<h3 style=\"text-align: center;\"><span style=\"font-family: georgia,palatino; font-size: small;\">la R\u00e9alit\u00e9 Cosmique est Lumi\u00e8re Indivisible.<\/span><\/h3>\n<h3 style=\"text-align: center;\"><span style=\"font-family: georgia,palatino; font-size: small;\">L&rsquo;ego oscille entre le bien et le mal sans fin<\/span><\/h3>\n<h3 style=\"text-align: center;\"><span style=\"font-family: georgia,palatino; font-size: small;\">dans son r\u00eave de se croire quelqu&rsquo;un s\u00e9par\u00e9 des \u00a0\u00bbautres\u00a0\u00bb.<\/span><\/h3>\n<h3 style=\"text-align: center;\"><span style=\"font-family: georgia,palatino; font-size: small;\">L&rsquo;\u00caTRE est Unit\u00e9 Permanente de Tout Ce qui est LE BIEN.<\/span><\/h3>\n<h3 style=\"text-align: center;\"><span style=\"font-family: georgia,palatino; font-size: small;\">Seule la Perfection est la R\u00e9alit\u00e9 \u00c9ternelle Infinie Invuln\u00e9rable de Tous.<\/span><\/h3>\n<h3 style=\"text-align: center;\"><span style=\"font-family: georgia,palatino; font-size: small;\">Nous pouvons r\u00e9sumer l&rsquo;Art de la B\u00e9n\u00e9diction ainsi :<\/span><\/h3>\n<h3 style=\"text-align: center;\"><span style=\"font-family: georgia,palatino; font-size: small;\">Dieu Parfait, Homme Parfait, Corps Parfait, Vie Parfaite.<\/span><\/h3>\n<h3 style=\"text-align: center;\"><span style=\"font-family: georgia,palatino; font-size: small;\">Il n&rsquo;y a rien d&rsquo;autre que LE UN en tant que Tous.<\/span><\/h3>\n<h3 style=\"text-align: center;\"><span style=\"font-family: georgia,palatino; font-size: small;\">LE PARFAIT Achev\u00e9 Manifest\u00e9 est la R\u00e9alit\u00e9 Absolue<\/span><\/h3>\n<h3 style=\"text-align: center;\"><span style=\"font-family: georgia,palatino; font-size: small;\">de \u00a0\u00bbchaque UN\u00a0\u00bb en Unit\u00e9 Indivisible.<\/span><\/h3>\n<h3 style=\"text-align: center;\"><span style=\"font-family: georgia,palatino; font-size: small;\">L&rsquo;Univers Entier de L&rsquo;\u00caTRE-JE SUIS est Parfait<\/span><\/h3>\n<h3 style=\"text-align: center;\"><span style=\"font-family: georgia,palatino; font-size: small;\">Ici et Maintenant, Partout, Toujours.<\/span><\/h3>\n<h3 style=\"text-align: center;\"><span style=\"font-family: georgia,palatino; font-size: small;\">Seule la Lumi\u00e8re est Lumi\u00e8re ;<\/span><\/h3>\n<h3 style=\"text-align: center;\"><span style=\"font-family: georgia,palatino; font-size: small;\">l&rsquo;obscurit\u00e9 est Son absence.<\/span><\/h3>\n<h3 style=\"text-align: center;\"><span style=\"font-family: georgia,palatino; font-size: small;\">L&rsquo;Omnipr\u00e9sente Lumi\u00e8re est LE R\u00c9EL ;<\/span><\/h3>\n<h3 style=\"text-align: center;\"><span style=\"font-family: georgia,palatino; font-size: small;\">Son absence est illusion de l&rsquo;ego.<\/span><\/h3>\n<h3 style=\"text-align: center;\"><span style=\"font-family: georgia,palatino; font-size: small;\">L&rsquo;obscurit\u00e9 trouble la vision,<\/span><\/h3>\n<h3 style=\"text-align: center;\"><span style=\"font-family: georgia,palatino; font-size: small;\">la Lumi\u00e8re voit la Lumi\u00e8re.<\/span><\/h3>\n<h3><img class=\"aligncenter\" src=\"\/wp-content\/uploads\/2020\/12\/537390.jpg\" alt=\"IMG 2662-2\" \/><\/h3>\n<h3 style=\"text-align: center;\"><span style=\"font-family: georgia,palatino; font-size: small;\">LE UN est SEUL, UNIQUE, TOUT BIEN.<\/span><\/h3>\n<h3 style=\"text-align: center;\"><span style=\"font-family: georgia,palatino; font-size: small;\">LE UN est Nous ; TOUT BIEN est Nous.<\/span><\/h3>\n<h3 style=\"text-align: center;\"><span style=\"font-family: georgia,palatino; font-size: small;\">LE UN-TOUT BIEN est JE SUIS en tant que Nous.<\/span><\/h3>\n<h3 style=\"text-align: center;\"><span style=\"font-family: georgia,palatino; font-size: small;\">L&rsquo;Inspiration n&rsquo;appartient \u00e0 personne en particulier,<\/span><\/h3>\n<h3 style=\"text-align: center;\"><span style=\"font-family: georgia,palatino; font-size: small;\">et pourtant Elle est l&rsquo;H\u00e9ritage de Tous<\/span><\/h3>\n<h3 style=\"text-align: center;\"><span style=\"font-family: georgia,palatino; font-size: small;\">dans la Pleine Conscience d&rsquo;\u00eatre LE UN.<\/span><\/h3>\n<h3 style=\"text-align: center;\"><span style=\"font-family: georgia,palatino; font-size: small;\">Dans la Claire Lumi\u00e8re, soyons heureux de partager l&rsquo;Amour du UN,<\/span><\/h3>\n<h3 style=\"text-align: center;\"><span style=\"font-family: georgia,palatino; font-size: small;\">pour servir du mieux possible et vivre LE MEILLEUR avec Tous.<\/span><\/h3>\n<h3 style=\"text-align: center;\"><span style=\"font-family: georgia,palatino; font-size: small;\">La Transmission Mill\u00e9naire issue du Coeur de L&rsquo;\u00caTRE en Soi,<\/span><\/h3>\n<h3 style=\"text-align: center;\"><span style=\"font-family: georgia,palatino; font-size: small;\">Nous invite \u00e0 \u00a0\u00bbprendre\u00a0\u00bb en Conscience \u00c9clair\u00e9e<\/span><\/h3>\n<h3 style=\"text-align: center;\"><span style=\"font-family: georgia,palatino; font-size: small;\">Ce qui est d\u00e9j\u00e0 N\u00f4tre en tant que Notre Vraie Nature :<\/span><\/h3>\n<h3 style=\"text-align: center;\"><span style=\"font-family: georgia,palatino; font-size: small;\">\u00a0\u00bbTout ce qui est \u00e0 Moi est \u00e0 Toi.\u00a0\u00bb<\/span><\/h3>\n<h3 style=\"text-align: center;\"><span style=\"font-family: georgia,palatino; font-size: small;\">La Totalit\u00e9 du UN Infini Parfait \u00c9ternel<\/span><\/h3>\n<h3 style=\"text-align: center;\"><span style=\"font-family: georgia,palatino; font-size: small;\">est la Claire Lumi\u00e8re de Toutes les formes de Vie.<\/span><\/h3>\n<h3 style=\"text-align: center;\">\u00b0\u00b0\u00b0<\/h3>\n<h3 style=\"text-align: center;\"><span style=\"font-family: georgia,palatino; font-size: small;\">Avril 2015 &#8211; Louis Tissot<\/span><\/h3>\n<h3 style=\"text-align: center;\"><span style=\"font-family: georgia,palatino; font-size: small;\">(Extrait du livre &lsquo;L\u00a0\u00bb\u00caTRE JE SUIS\u00a0\u00bb)<\/span><\/h3>\n<h3 style=\"text-align: center;\"><\/h3>\n<h3><img class=\"aligncenter\" src=\"\/wp-content\/uploads\/2020\/12\/537391.jpg\" alt=\"IMG 2660-2\" \/><\/h3>\n<\/td>\n<\/tr>\n<\/tbody>\n<\/table>\n","protected":false},"excerpt":{"rendered":"<p>CLAIRE LUMI\u00c8RE \u00b0\u00b0\u00b0 L&rsquo;ego est dualiste (bien-mal), L&rsquo;\u00caTRE est Unitaire (Perfection). Le multiple apparent semble s\u00e9par\u00e9, la R\u00e9alit\u00e9 Cosmique est Lumi\u00e8re Indivisible. L&rsquo;ego oscille entre le bien et le mal sans fin dans son r\u00eave de se croire quelqu&rsquo;un s\u00e9par\u00e9 des \u00a0\u00bbautres\u00a0\u00bb. L&rsquo;\u00caTRE est Unit\u00e9 Permanente de Tout Ce qui est LE BIEN. Seule la [&hellip;]<\/p>\n","protected":false},"author":1,"featured_media":0,"parent":0,"menu_order":0,"comment_status":"closed","ping_status":"closed","template":"","meta":[],"_links":{"self":[{"href":"https:\/\/www.louistissot.net\/index.php?rest_route=\/wp\/v2\/pages\/368"}],"collection":[{"href":"https:\/\/www.louistissot.net\/index.php?rest_route=\/wp\/v2\/pages"}],"about":[{"href":"https:\/\/www.louistissot.net\/index.php?rest_route=\/wp\/v2\/types\/page"}],"author":[{"embeddable":true,"href":"https:\/\/www.louistissot.net\/index.php?rest_route=\/wp\/v2\/users\/1"}],"replies":[{"embeddable":true,"href":"https:\/\/www.louistissot.net\/index.php?rest_route=%2Fwp%2Fv2%2Fcomments&post=368"}],"version-history":[{"count":3,"href":"https:\/\/www.louistissot.net\/index.php?rest_route=\/wp\/v2\/pages\/368\/revisions"}],"predecessor-version":[{"id":1265,"href":"https:\/\/www.louistissot.net\/index.php?rest_route=\/wp\/v2\/pages\/368\/revisions\/1265"}],"wp:attachment":[{"href":"https:\/\/www.louistissot.net\/index.php?rest_route=%2Fwp%2Fv2%2Fmedia&parent=368"}],"curies":[{"name":"wp","href":"https:\/\/api.w.org\/{rel}","templated":true}]}}