{"id":374,"date":"2020-12-24T16:55:10","date_gmt":"2020-12-24T15:55:10","guid":{"rendered":"http:\/\/lrufdqb.cluster030.hosting.ovh.net\/?page_id=374"},"modified":"2022-11-26T18:16:53","modified_gmt":"2022-11-26T17:16:53","slug":"bonheur-supreme","status":"publish","type":"page","link":"https:\/\/www.louistissot.net\/?page_id=374","title":{"rendered":"BONHEUR SUPREME"},"content":{"rendered":"<table width=\"100%\" cellspacing=\"0\" cellpadding=\"0\">\n<tbody>\n<tr>\n<td align=\"left\">\n<p style=\"text-align: center;\"><strong><span style=\"font-family: georgia,palatino; font-size: small;\"><img src=\"\/wp-content\/uploads\/2020\/12\/524087.jpg\" alt=\"100-0063\" \/><\/span><\/strong><\/p>\n<p style=\"text-align: center;\"><strong><span style=\"font-family: georgia,palatino; font-size: small;\">BONHEUR SUPR\u00caME<\/span><\/strong><\/p>\n<p style=\"text-align: center;\">\u00b0\u00b0\u00b0<\/p>\n<h1 style=\"text-align: center;\"><span style=\"font-family: georgia,palatino; font-size: small;\">L&rsquo;Amour<\/span><\/h1>\n<h1 style=\"text-align: center;\"><span style=\"font-family: georgia,palatino; font-size: small;\">est libert\u00e9 d&rsquo;\u00eatre Soi<\/span><\/h1>\n<h1 style=\"text-align: center;\"><span style=\"font-family: georgia,palatino; font-size: small;\">dans l&rsquo;\u00e9lan joyeux<\/span><\/h1>\n<h1 style=\"text-align: center;\"><span style=\"font-family: georgia,palatino; font-size: small;\">du Don sans calcul.<\/span><\/h1>\n<h1 style=\"text-align: center;\"><span style=\"font-family: georgia,palatino; font-size: small;\">C&rsquo;est pourquoi<\/span><\/h1>\n<h1 style=\"text-align: center;\"><span style=\"font-family: georgia,palatino; font-size: small;\">le bonheur Supr\u00eame<\/span><\/h1>\n<h1 style=\"text-align: center;\"><span style=\"font-family: georgia,palatino; font-size: small;\">est ind\u00e9pendant<\/span><\/h1>\n<h1 style=\"text-align: center;\"><span style=\"font-family: georgia,palatino; font-size: small;\">du regard d&rsquo;autrui.<\/span><\/h1>\n<h1 style=\"text-align: center;\">\u00b0\u00b0\u00b0<\/h1>\n<h1 style=\"text-align: center;\"><span style=\"font-family: georgia,palatino; font-size: small;\">25 F\u00e9vrier 2013 \u2013 Louis Tissot<\/span><\/h1>\n<h1 style=\"text-align: center;\"><\/h1>\n<p style=\"text-align: center;\"><span style=\"font-family: georgia,palatino; font-size: small;\"><img src=\"\/wp-content\/uploads\/2020\/12\/524076.jpg\" alt=\"100-0115\" \/><\/span><\/p>\n<\/td>\n<\/tr>\n<\/tbody>\n<\/table>\n","protected":false},"excerpt":{"rendered":"<p>BONHEUR SUPR\u00caME \u00b0\u00b0\u00b0 L&rsquo;Amour est libert\u00e9 d&rsquo;\u00eatre Soi dans l&rsquo;\u00e9lan joyeux du Don sans calcul. C&rsquo;est pourquoi le bonheur Supr\u00eame est ind\u00e9pendant du regard d&rsquo;autrui. \u00b0\u00b0\u00b0 25 F\u00e9vrier 2013 \u2013 Louis Tissot<\/p>\n","protected":false},"author":1,"featured_media":0,"parent":0,"menu_order":0,"comment_status":"closed","ping_status":"closed","template":"","meta":[],"_links":{"self":[{"href":"https:\/\/www.louistissot.net\/index.php?rest_route=\/wp\/v2\/pages\/374"}],"collection":[{"href":"https:\/\/www.louistissot.net\/index.php?rest_route=\/wp\/v2\/pages"}],"about":[{"href":"https:\/\/www.louistissot.net\/index.php?rest_route=\/wp\/v2\/types\/page"}],"author":[{"embeddable":true,"href":"https:\/\/www.louistissot.net\/index.php?rest_route=\/wp\/v2\/users\/1"}],"replies":[{"embeddable":true,"href":"https:\/\/www.louistissot.net\/index.php?rest_route=%2Fwp%2Fv2%2Fcomments&post=374"}],"version-history":[{"count":2,"href":"https:\/\/www.louistissot.net\/index.php?rest_route=\/wp\/v2\/pages\/374\/revisions"}],"predecessor-version":[{"id":1280,"href":"https:\/\/www.louistissot.net\/index.php?rest_route=\/wp\/v2\/pages\/374\/revisions\/1280"}],"wp:attachment":[{"href":"https:\/\/www.louistissot.net\/index.php?rest_route=%2Fwp%2Fv2%2Fmedia&parent=374"}],"curies":[{"name":"wp","href":"https:\/\/api.w.org\/{rel}","templated":true}]}}