{"id":386,"date":"2020-12-24T17:02:07","date_gmt":"2020-12-24T16:02:07","guid":{"rendered":"http:\/\/lrufdqb.cluster030.hosting.ovh.net\/?page_id=386"},"modified":"2022-12-02T11:52:28","modified_gmt":"2022-12-02T10:52:28","slug":"etre-la-permanence-je-suis","status":"publish","type":"page","link":"https:\/\/www.louistissot.net\/?page_id=386","title":{"rendered":"ETRE LA PERMANENCE JE SUIS"},"content":{"rendered":"<table width=\"100%\" cellspacing=\"0\" cellpadding=\"0\">\n<tbody>\n<tr>\n<td align=\"left\">\n<p style=\"text-align: center;\"><strong><span style=\"font-family: georgia,palatino; font-size: small;\"><img src=\"\/wp-content\/uploads\/2020\/12\/537392.jpg\" alt=\"IMG 2711-2\" \/><\/span><\/strong><\/p>\n<p style=\"text-align: center;\"><strong><span style=\"font-family: georgia,palatino; font-size: small;\">\u00caTRE LA PERMANENCE JE SUIS<\/span><\/strong><\/p>\n<p style=\"text-align: center;\"><strong>\u00b0<\/strong><\/p>\n<p style=\"text-align: center;\"><strong>\u00b0\u00a0\u00a0\u00a0\u00a0\u00a0\u00a0\u00a0\u00a0 \u00b0<\/strong><\/p>\n<p style=\"text-align: center;\"><strong><span style=\"font-family: georgia,palatino; font-size: small;\">L&rsquo;\u00caTRE ne se pense pas ; L&rsquo;\u00caTRE se ressent.<\/span><\/strong><\/p>\n<p style=\"text-align: center;\"><strong><span style=\"font-family: georgia,palatino; font-size: small;\">L&rsquo;\u00caTRE ne s&rsquo;ach\u00e8te pas ; L&rsquo;\u00caTRE se vit.<\/span><\/strong><\/p>\n<p style=\"text-align: center;\"><strong><span style=\"font-family: georgia,palatino; font-size: small;\">\u00a0\u00bbPrie, esp\u00e8re, ne renonce jamais,<\/span><\/strong><\/p>\n<p style=\"text-align: center;\"><strong><span style=\"font-family: georgia,palatino; font-size: small;\">L&rsquo;\u00c9ternel Ton Dieu est toujours avec Toi,<\/span><\/strong><\/p>\n<p style=\"text-align: center;\"><strong><span style=\"font-family: georgia,palatino; font-size: small;\">et Il T&rsquo;exaucera au juste et parfait moment.\u00a0\u00bb<\/span><\/strong><\/p>\n<p style=\"text-align: center;\"><strong><span style=\"font-family: georgia,palatino; font-size: small;\">Ne cherchons plus \u00e0 \u00a0\u00bbdevenir\u00a0\u00bb Ce que Nous sommes d\u00e9j\u00e0 ;<\/span><\/strong><\/p>\n<p style=\"text-align: center;\"><strong><span style=\"font-family: georgia,palatino; font-size: small;\">s&rsquo;Identifier \u00e0 L&rsquo;\u00caTRE en train d&rsquo;\u00eatre Tout Bien,<\/span><\/strong><\/p>\n<p style=\"text-align: center;\"><strong><span style=\"font-family: georgia,palatino; font-size: small;\">c&rsquo;est \u00eatre une B\u00e9n\u00e9diction au Service de tous.<\/span><\/strong><\/p>\n<p style=\"text-align: center;\"><strong><span style=\"font-family: georgia,palatino; font-size: small;\">Il n&rsquo;y a de R\u00c9EL que l&rsquo;Excellence du VIVANT ACCOMPLI,<\/span><\/strong><\/p>\n<p style=\"text-align: center;\"><strong><span style=\"font-family: georgia,palatino; font-size: small;\">Ins\u00e9parable de Son Amour en Mouvement Perp\u00e9tuel Manifest\u00e9.<\/span><\/strong><\/p>\n<p style=\"text-align: center;\"><strong>\u00b0\u00b0\u00b0<\/strong><\/p>\n<p style=\"text-align: center;\"><strong><span style=\"font-family: georgia,palatino; font-size: small;\">JE SUIS est Tri-Unit\u00e9 : \u00caTRE-Conscience-Substance Form\u00e9e.<\/span><\/strong><\/p>\n<p style=\"text-align: center;\"><strong><span style=\"font-family: georgia,palatino; font-size: small;\">L&rsquo;\u00caTRE est Le Seul Ma\u00eetre de la Conscience<\/span><\/strong><\/p>\n<p style=\"text-align: center;\"><strong><span style=\"font-family: georgia,palatino; font-size: small;\">qui vit Ses choix en pronon\u00e7ant JE SUIS.<\/span><\/strong><\/p>\n<p style=\"text-align: center;\"><strong><span style=\"font-family: georgia,palatino; font-size: small;\">L&rsquo;Unique Pouvoir est L&rsquo;\u00caTRE qui Inspire<\/span><\/strong><\/p>\n<p style=\"text-align: center;\"><strong><span style=\"font-family: georgia,palatino; font-size: small;\">Sa Parfaite Connaissance \u00e0 JE SUIS Unifi\u00e9.<\/span><\/strong><\/p>\n<p style=\"text-align: center;\"><strong><span style=\"font-family: georgia,palatino; font-size: small;\">Toute manifestation est Sa Substance Infinie<\/span><\/strong><\/p>\n<p style=\"text-align: center;\"><strong><span style=\"font-family: georgia,palatino; font-size: small;\">Form\u00e9e par JE SUIS Ressenti prononc\u00e9 avec Conviction.<\/span><\/strong><\/p>\n<p style=\"text-align: center;\"><strong><span style=\"font-family: georgia,palatino; font-size: small;\">En L&rsquo;\u00caTRE, JE SUIS ne connais ni temps ni distance ;<\/span><\/strong><\/p>\n<p style=\"text-align: center;\"><strong><span style=\"font-family: georgia,palatino; font-size: small;\">l&rsquo;\u00c9ternit\u00e9 est LE MAINTENANT de L&rsquo;\u00caTRE, dans l&rsquo;ICI qui est partout.<\/span><\/strong><\/p>\n<p style=\"text-align: center;\"><strong><span style=\"font-family: georgia,palatino; font-size: small;\">L&rsquo;AMOUR Parfait Permanent est LE VIVANT Universel.<\/span><\/strong><\/p>\n<p style=\"text-align: center;\"><strong>\u00b0\u00b0\u00b0<\/strong><\/p>\n<p style=\"text-align: center;\"><strong><span style=\"font-family: georgia,palatino; font-size: small;\">Vouloir \u00a0\u00bbdevenir\u00a0\u00bb est ne jamais \u00eatre Vraiment ;<\/span><\/strong><\/p>\n<p style=\"text-align: center;\"><strong><span style=\"font-family: georgia,palatino; font-size: small;\">L&rsquo;\u00caTRE est le Maintenant Permanent du Bien Absolu.<\/span><\/strong><\/p>\n<p style=\"text-align: center;\"><strong><span style=\"font-family: georgia,palatino; font-size: small;\">La dualit\u00e9 bien-mal est li\u00e9e \u00e0 l&rsquo;ego illusoire ;<\/span><\/strong><\/p>\n<p style=\"text-align: center;\"><strong><span style=\"font-family: georgia,palatino; font-size: small;\">l&rsquo;Unit\u00e9 du Bien est la R\u00e9alit\u00e9 Constante de Tous.<\/span><\/strong><\/p>\n<p style=\"text-align: center;\"><strong><span style=\"font-family: georgia,palatino; font-size: small;\">Il n&rsquo;y a que L&rsquo;\u00caTRE qui Nous fait \u00eatre JE SUIS.<\/span><\/strong><\/p>\n<p style=\"text-align: center;\"><strong><span style=\"font-family: georgia,palatino; font-size: small;\">Ni regret, ni remord, ni peur, ni haine,<\/span><\/strong><\/p>\n<p style=\"text-align: center;\"><strong><span style=\"font-family: georgia,palatino; font-size: small;\">en L&rsquo;\u00caTRE Parfait qui est Amour Immuable.<\/span><\/strong><\/p>\n<p style=\"text-align: center;\"><strong><span style=\"font-family: georgia,palatino; font-size: small;\">Ni pass\u00e9, ni futur, dans le Pr\u00e9sent sans faille du Maintenant \u00c9ternel.<\/span><\/strong><\/p>\n<p style=\"text-align: center;\"><strong><span style=\"font-family: georgia,palatino; font-size: small;\">L&rsquo;\u00caTRE est le Permanent JE SUIS en tant que Tout Bien, Bon, Beau, Parfait.<\/span><\/strong><\/p>\n<p style=\"text-align: center;\"><strong><img src=\"\/wp-content\/uploads\/2020\/12\/537393.jpg\" alt=\"IMG 2661-2\" \/><\/strong><\/p>\n<p style=\"text-align: center;\"><strong><span style=\"font-family: georgia,palatino; font-size: small;\">Il est bon d&rsquo;arr\u00eater de \u00a0\u00bbs&rsquo;en faire\u00a0\u00bb, pour \u00a0\u00bblaisser faire\u00a0\u00bb L&rsquo;\u00caTRE,<\/span><\/strong><\/p>\n<p style=\"text-align: center;\"><strong><span style=\"font-family: georgia,palatino; font-size: small;\">en gardant une foi in\u00e9branlable dans l&rsquo;accomplissement du JE SUIS Prononc\u00e9.<\/span><\/strong><\/p>\n<p style=\"text-align: center;\"><strong><span style=\"font-family: georgia,palatino; font-size: small;\">Il n&rsquo;y a rien \u00e0 faire pour \u00eatre L&rsquo;\u00caTRE ; L&rsquo;\u00caTRE est d\u00e9j\u00e0 notre Totalit\u00e9<\/span><\/strong><\/p>\n<p style=\"text-align: center;\"><strong><span style=\"font-family: georgia,palatino; font-size: small;\">en tant que L&rsquo;EXCELLENCE Permanente en Tout.<\/span><\/strong><\/p>\n<p style=\"text-align: center;\"><strong><span style=\"font-family: georgia,palatino; font-size: small;\">L&rsquo;\u00caTRE est la Seule Pr\u00e9sence R\u00e9elle,<\/span><\/strong><\/p>\n<p style=\"text-align: center;\"><strong><span style=\"font-family: georgia,palatino; font-size: small;\">l&rsquo;unique Source Inspiratrice de JE SUIS<\/span><\/strong><\/p>\n<p style=\"text-align: center;\"><strong><span style=\"font-family: georgia,palatino; font-size: small;\">en train d&rsquo;\u00eatre le Verbe Prononc\u00e9 Manifest\u00e9.<\/span><\/strong><\/p>\n<p style=\"text-align: center;\"><strong>\u00b0\u00b0\u00b0<\/strong><\/p>\n<p style=\"text-align: center;\"><strong><span style=\"font-family: georgia,palatino; font-size: small;\">\u00a0\u00bbPrends position dans le Bien, compte sur Dieu, Il t&rsquo;exaucera.\u00a0\u00bb<\/span><\/strong><\/p>\n<p style=\"text-align: center;\"><strong><span style=\"font-family: georgia,palatino; font-size: small;\">\u00a0\u00bbCarpe diem\u00a0\u00bb est une devise b\u00e9n\u00e9fique dans la Permanence d&rsquo;\u00eatre Soi.<\/span><\/strong><\/p>\n<p style=\"text-align: center;\"><strong><span style=\"font-family: georgia,palatino; font-size: small;\">C&rsquo;est go\u00fbter le jour pr\u00e9sent sans penser au lendemain ;<\/span><\/strong><\/p>\n<p style=\"text-align: center;\"><strong><span style=\"font-family: georgia,palatino; font-size: small;\">c&rsquo;est appr\u00e9cier avec \u00e9merveillement l&rsquo;instant avec Gratitude<\/span><\/strong><\/p>\n<p style=\"text-align: center;\"><strong><span style=\"font-family: georgia,palatino; font-size: small;\">pour L&rsquo;\u00caTRE qui, toujours \u00e0 l&rsquo;Oeuvre, Se vit en tant que JE SUIS.<\/span><\/strong><\/p>\n<p style=\"text-align: center;\"><strong><span style=\"font-family: georgia,palatino; font-size: small;\">L&rsquo;\u00c9ternit\u00e9 ne s&rsquo;arr\u00eate pas, c&rsquo;est un Pr\u00e9sent Continuel.<\/span><\/strong><\/p>\n<p style=\"text-align: center;\"><strong>\u00b0\u00b0\u00b0<\/strong><\/p>\n<p style=\"text-align: center;\"><strong><span style=\"font-family: georgia,palatino; font-size: small;\">Avril 2015 &#8211; Louis Tissot<\/span><\/strong><\/p>\n<p style=\"text-align: center;\"><strong><span style=\"font-family: georgia,palatino; font-size: small;\">(Extrait du livre \u00a0\u00bbIDENTIFICATION V\u00c9RITABLE\u00a0\u00bb)<\/span><\/strong><\/p>\n<p style=\"text-align: center;\"><strong><img class=\"aligncenter\" src=\"\/wp-content\/uploads\/2020\/12\/537394.jpg\" alt=\"IMG 2548-2\" \/><\/strong><\/p>\n<\/td>\n<\/tr>\n<\/tbody>\n<\/table>\n","protected":false},"excerpt":{"rendered":"<p>\u00caTRE LA PERMANENCE JE SUIS \u00b0 \u00b0\u00a0\u00a0\u00a0\u00a0\u00a0\u00a0\u00a0\u00a0 \u00b0 L&rsquo;\u00caTRE ne se pense pas ; L&rsquo;\u00caTRE se ressent. L&rsquo;\u00caTRE ne s&rsquo;ach\u00e8te pas ; L&rsquo;\u00caTRE se vit. \u00a0\u00bbPrie, esp\u00e8re, ne renonce jamais, L&rsquo;\u00c9ternel Ton Dieu est toujours avec Toi, et Il T&rsquo;exaucera au juste et parfait moment.\u00a0\u00bb Ne cherchons plus \u00e0 \u00a0\u00bbdevenir\u00a0\u00bb Ce que Nous sommes d\u00e9j\u00e0 [&hellip;]<\/p>\n","protected":false},"author":1,"featured_media":0,"parent":0,"menu_order":0,"comment_status":"closed","ping_status":"closed","template":"","meta":[],"_links":{"self":[{"href":"https:\/\/www.louistissot.net\/index.php?rest_route=\/wp\/v2\/pages\/386"}],"collection":[{"href":"https:\/\/www.louistissot.net\/index.php?rest_route=\/wp\/v2\/pages"}],"about":[{"href":"https:\/\/www.louistissot.net\/index.php?rest_route=\/wp\/v2\/types\/page"}],"author":[{"embeddable":true,"href":"https:\/\/www.louistissot.net\/index.php?rest_route=\/wp\/v2\/users\/1"}],"replies":[{"embeddable":true,"href":"https:\/\/www.louistissot.net\/index.php?rest_route=%2Fwp%2Fv2%2Fcomments&post=386"}],"version-history":[{"count":2,"href":"https:\/\/www.louistissot.net\/index.php?rest_route=\/wp\/v2\/pages\/386\/revisions"}],"predecessor-version":[{"id":1324,"href":"https:\/\/www.louistissot.net\/index.php?rest_route=\/wp\/v2\/pages\/386\/revisions\/1324"}],"wp:attachment":[{"href":"https:\/\/www.louistissot.net\/index.php?rest_route=%2Fwp%2Fv2%2Fmedia&parent=386"}],"curies":[{"name":"wp","href":"https:\/\/api.w.org\/{rel}","templated":true}]}}