{"id":416,"date":"2020-12-28T10:22:26","date_gmt":"2020-12-28T09:22:26","guid":{"rendered":"http:\/\/lrufdqb.cluster030.hosting.ovh.net\/?page_id=416"},"modified":"2022-12-03T21:12:15","modified_gmt":"2022-12-03T20:12:15","slug":"paix-durable","status":"publish","type":"page","link":"https:\/\/www.louistissot.net\/?page_id=416","title":{"rendered":"PAIX DURABLE"},"content":{"rendered":"<table width=\"100%\" cellspacing=\"0\" cellpadding=\"0\">\n<tbody>\n<tr>\n<td align=\"left\">\n<p style=\"text-align: center;\"><strong><span style=\"font-family: georgia,palatino; font-size: small;\"><img src=\"\/wp-content\/uploads\/2020\/12\/529110.jpg\" alt=\"IMG-2386\" \/><\/span><\/strong><\/p>\n<h3 style=\"text-align: center;\"><strong><span style=\"font-family: georgia,palatino; font-size: small;\">8 <\/span><\/strong><\/h3>\n<h3 style=\"text-align: center;\"><strong><span style=\"font-family: georgia,palatino; font-size: small;\">PAIX DURABLE<\/span><\/strong><\/h3>\n<h3 style=\"text-align: center;\"><strong><span style=\"font-family: georgia,palatino; font-size: small;\">\u00b0<\/span><\/strong><\/h3>\n<h3 style=\"text-align: center;\"><strong><span style=\"font-family: georgia,palatino; font-size: small;\">\u00b0\u00a0\u00a0\u00a0\u00a0\u00a0\u00a0\u00a0\u00a0\u00a0\u00a0\u00a0 \u00b0<\/span><\/strong><\/h3>\n<h3 style=\"text-align: justify;\"><strong><span style=\"font-family: georgia,palatino; font-size: small;\">O\u00f9 commence la Paix Durable : par les\u00a0\u00bbautres\u00a0\u00bb ou par Soi ? La Paix dans le monde ne commence-t-elle pas dans le lieu de la vie quotidienne au Coeur de chacun ?<\/span><\/strong><\/h3>\n<h3><strong><span style=\"font-family: georgia,palatino; font-size: small;\">La Paix est en nous tous, disponible en Permanence au Coeur de l\u2019\u00caTRE en Soi. Il est n\u00e9cessaire de se d\u00e9tendre d\u2019abord pour en b\u00e9n\u00e9ficier. C\u2019est la base de toutes les bonnes relations. La paix dans le monde commence par la paix avec soi-m\u00eame, en s\u2019accueillant tels que nous sommes aujourd\u2019hui, convaincus que le Meilleur d\u00e9sir\u00e9 est en chemin. Alors, faisons de notre mieux \u00e0 chaque instant du pr\u00e9sent, avec la joie de vivre comme partage dans toutes nos rencontres.<\/span><\/strong><\/h3>\n<h3><strong><span style=\"font-family: georgia,palatino; font-size: small;\">Pour vivre de juste relation, il est toujours bon de se rappeler l\u2019\u00e9nonc\u00e9 de certains articles de la \u2018\u2019D\u00e9claration des Droits de l\u2019Homme et du Citoyens de 1789\u2019\u2019 inscrite en pr\u00e9ambule de la Constitution Fran\u00e7aise :<\/span><\/strong><\/h3>\n<h3><strong><span style=\"font-family: georgia,palatino; font-size: small;\">Art. 1er. Les hommes naissent et demeurent libres et \u00e9gaux en droits. Les distinctions sociales ne peuvent \u00eatre fond\u00e9es que sur l\u2019utilit\u00e9 commune. Art. 4. La libert\u00e9 consiste \u00e0 pouvoir faire tout ce qui ne nuit pas \u00e0 autrui :\u2026Art. 5. La Loi n&rsquo;a le droit de d\u00e9fendre que les actions nuisibles \u00e0 la Soci\u00e9t\u00e9. Tout ce qui n&rsquo;est pas d\u00e9fendu par la Loi ne peut \u00eatre emp\u00each\u00e9, et nul ne peut \u00eatre contraint \u00e0 faire ce qu&rsquo;elle n&rsquo;ordonne pas. Art. 6. La Loi est l\u2019expression de la volont\u00e9 g\u00e9n\u00e9rale\u2026 La libert\u00e9 n\u2019autorise pas tous les abus et se vit dans les limites de la loi. En France, la libert\u00e9 d\u2019expression permet de diffuser sans r\u00e9serve ses opinions pour marquer sa diff\u00e9rence de point de vue. Dans un certains nombre de pays le d\u00e9lit de blasph\u00e8me existe encore de nos jours, la sentence \u00e9tant la peine capitale pour ceux qui osent s\u2019exprimer m\u00eame timidement sur ce sujet. Comme quoi les croyances ont une forte emprise sur le relationnel, mais ne changent pas la V\u00e9rit\u00e9 de L\u2019\u00caTRE que tous un jour d\u00e9couvrent dans le d\u00e9nuement de l\u2019ego dictateur d\u2019id\u00e9ologie infond\u00e9e. Ce qui pr\u00e9c\u00e8de prouve bien qu\u2019il y a de nombreux niveaux de conscience et qu\u2019il y a de tout pour faire un monde. Ceci d\u00e9montre que la libert\u00e9 de conscience n\u2019est pas la m\u00eame partout et varie suivant les points de vue dominants dans l\u2019\u00e9gr\u00e9gore de chaque nation. Plus nous sommes \u00a0\u00bb\u00e9clair\u00e9s\u00a0\u00bb sur Notre Vraie Nature, plus nous aimons partager la libert\u00e9 Fraternelle, et faire \u00e0 autrui ce que nous souhaitons qu\u2019on nous fasse. \u00ab La v\u00e9ritable indulgence consiste \u00e0 comprendre et \u00e0 pardonner les fautes qu&rsquo;on ne serait pas capable de commettre. \u00ab (Victor Hugo)<\/span><\/strong><\/h3>\n<h3><strong><span style=\"font-family: georgia,palatino; font-size: small;\">M\u00eames les ath\u00e9es ont des convictions qui sont bien s\u00fbr diff\u00e9rentes des croyants qui eux-m\u00eames ont des convictions divergentes suivant leur confession, en utilisant des noms diff\u00e9rents pour d\u00e9signer leur Dieu. Nous vivons dans une soci\u00e9t\u00e9 d\u2019Ouverture o\u00f9 l\u2019oecum\u00e9nisme doit primer dans le respect absolu de tous les chemins de foi ou pas. Chacun a le droit \u00e0 sa particularit\u00e9 : c\u2019est ce qui fait la richesse des rencontres et des \u00e9changes de points de vue qui nous permettent d\u2019\u00e9voluer dans la Connaissance Infinie de notre univers. Chacun a une vocation compl\u00e9mentaire \u00e0 toutes les autres. Nous sommes tous concern\u00e9s par le Bonheur sur terre en trouvant notre juste place afin de remplir notre r\u00f4le en toute humilit\u00e9. Le r\u00f4le de la fleur est de s\u2019\u00e9panouir pour r\u00e9jouir ceux qui la contemplent. Notre r\u00f4le est d\u2019\u00eatre L\u2019\u00caTRE \u00c9panoui dans toute Sa splendeur, en reconnaissant avec humilit\u00e9 que nous ne sommes rien par nous-m\u00eames, et qu\u2019il y a Vraiment \u2018\u2019Quelque Chose d\u2019Ind\u00e9finissable\u2019\u2019, une Intelligence Infinie qui se vit en tant que nous tous en Unit\u00e9 : Libre \u00e0 chacun d\u2019ob\u00e9ir aux inspirations (intuitions-visions) pour poser les actes utiles et b\u00e9n\u00e9fiques \u00e0 la soci\u00e9t\u00e9. Ontologiquement, \u00e9tant \u00c9gaux Int\u00e9rieurement, Nous sommes Tous Clairaudients et Clairvoyants pour R\u00e9v\u00e9ler la Paix durable d\u00e9j\u00e0 Pr\u00e9sente au plus Profond de Notre Coeur.\u00a0\u00bbLa musique chasse la haine chez ceux qui sont sans amour. Elle donne la paix \u00e0 ceux qui sont sans repos, elle console ceux qui pleurent. \u00ab (Pablo Casals)\u2026<\/span><\/strong><\/h3>\n<h3 style=\"text-align: center;\"><strong>\u00b0\u00b0\u00b0<\/strong><\/h3>\n<h3 style=\"text-align: center;\"><strong><span style=\"font-family: georgia,palatino; font-size: small;\">Janvier 2015 &#8211; Louis Tissot<\/span><\/strong><\/h3>\n<h3 style=\"text-align: center;\"><strong><span style=\"font-family: georgia,palatino; font-size: small;\">(Extrait du livre \u00a0\u00bbL&rsquo;\u00caTRE JE SUIS\u00a0\u00bb)<\/span><\/strong><\/h3>\n<h3 style=\"text-align: center;\"><strong><span style=\"font-family: georgia,palatino; font-size: small;\"><img src=\"\/wp-content\/uploads\/2020\/12\/529111.jpg\" alt=\"IMG-2299\" \/><\/span><\/strong><\/h3>\n<\/td>\n<\/tr>\n<\/tbody>\n<\/table>\n","protected":false},"excerpt":{"rendered":"<p>8 PAIX DURABLE \u00b0 \u00b0\u00a0\u00a0\u00a0\u00a0\u00a0\u00a0\u00a0\u00a0\u00a0\u00a0\u00a0 \u00b0 O\u00f9 commence la Paix Durable : par les\u00a0\u00bbautres\u00a0\u00bb ou par Soi ? La Paix dans le monde ne commence-t-elle pas dans le lieu de la vie quotidienne au Coeur de chacun ? La Paix est en nous tous, disponible en Permanence au Coeur de l\u2019\u00caTRE en Soi. Il est [&hellip;]<\/p>\n","protected":false},"author":1,"featured_media":0,"parent":0,"menu_order":0,"comment_status":"closed","ping_status":"closed","template":"","meta":[],"_links":{"self":[{"href":"https:\/\/www.louistissot.net\/index.php?rest_route=\/wp\/v2\/pages\/416"}],"collection":[{"href":"https:\/\/www.louistissot.net\/index.php?rest_route=\/wp\/v2\/pages"}],"about":[{"href":"https:\/\/www.louistissot.net\/index.php?rest_route=\/wp\/v2\/types\/page"}],"author":[{"embeddable":true,"href":"https:\/\/www.louistissot.net\/index.php?rest_route=\/wp\/v2\/users\/1"}],"replies":[{"embeddable":true,"href":"https:\/\/www.louistissot.net\/index.php?rest_route=%2Fwp%2Fv2%2Fcomments&post=416"}],"version-history":[{"count":2,"href":"https:\/\/www.louistissot.net\/index.php?rest_route=\/wp\/v2\/pages\/416\/revisions"}],"predecessor-version":[{"id":1352,"href":"https:\/\/www.louistissot.net\/index.php?rest_route=\/wp\/v2\/pages\/416\/revisions\/1352"}],"wp:attachment":[{"href":"https:\/\/www.louistissot.net\/index.php?rest_route=%2Fwp%2Fv2%2Fmedia&parent=416"}],"curies":[{"name":"wp","href":"https:\/\/api.w.org\/{rel}","templated":true}]}}