{"id":431,"date":"2020-12-28T10:28:22","date_gmt":"2020-12-28T09:28:22","guid":{"rendered":"http:\/\/lrufdqb.cluster030.hosting.ovh.net\/?page_id=431"},"modified":"2022-12-06T17:28:24","modified_gmt":"2022-12-06T16:28:24","slug":"etre-artisan-ontologiste","status":"publish","type":"page","link":"https:\/\/www.louistissot.net\/?page_id=431","title":{"rendered":"ETRE ARTISAN ONTOLOGISTE"},"content":{"rendered":"<table width=\"100%\" cellspacing=\"0\" cellpadding=\"0\">\n<tbody>\n<tr>\n<td align=\"left\">\n<p style=\"text-align: center;\">\n<p style=\"text-align: center;\">\n<p style=\"text-align: center;\"><img src=\"\/wp-content\/uploads\/2020\/12\/554040.jpg\" alt=\"IMG 3120 2\" \/><\/p>\n<h3 style=\"text-align: center;\"><strong><span style=\"font-family: georgia,palatino; font-size: small;\">\u00caTRE ARTISAN ONTOLOGISTE<\/span><\/strong><\/h3>\n<h3 style=\"text-align: center;\"><strong><span style=\"font-family: georgia,palatino; font-size: small;\">(Extraits)<\/span><\/strong><\/h3>\n<h3 style=\"text-align: center;\"><strong><span style=\"font-family: georgia,palatino; font-size: small;\">\u00b0<\/span><\/strong><\/h3>\n<h3 style=\"text-align: center;\"><strong><span style=\"font-family: georgia,palatino; font-size: small;\">\u00b0\u00a0\u00a0\u00a0\u00a0\u00a0 \u00a0 \u00a0 \u00a0\u00a0 \u00b0<\/span><\/strong><\/h3>\n<h3 style=\"text-align: center;\"><strong><span style=\"font-family: georgia,palatino; font-size: small;\">Ne pas subir, \u00caTRE pour transmettre<\/span><\/strong><br \/>\n<strong><span style=\"font-family: georgia,palatino; font-size: small;\">Ha\u00efr jamais, AIMER toujours<\/span><\/strong><br \/>\n<strong><span style=\"font-family: georgia,palatino; font-size: small;\">Sans asservir, SERVIR Inconditionnellement<\/span><\/strong><\/h3>\n<h3 style=\"text-align: center;\"><strong><span style=\"font-family: georgia,palatino; font-size: small;\">\u00b0\u00b0\u00b0<\/span><\/strong><\/h3>\n<h3 style=\"text-align: left;\"><strong><span style=\"font-family: georgia,palatino; font-size: small;\">Qui peut se contenter d&rsquo;\u00eatre laxiste face \u00e0 la souffrance et au mal-\u00eatre de nos contemporains ? Qui peut rester insensible \u00e0 la barbarie inqualifiable et rester sans rien entreprendre pour \u00e9radiquer les absurdes chim\u00e8res des ego aveugl\u00e9s par l\u2019id\u00e9ologie morbide ? Qui n&rsquo;est pas troubl\u00e9 par la terreur qui a fait souffrir nos semblables ?<\/span><\/strong><\/h3>\n<h3><strong><span style=\"font-family: georgia,palatino; font-size: small;\">Ce texte est une opportunit\u00e9 pour vous proposer un \u00e9change constructif de point de vue face aux \u00e9v\u00e8nements sid\u00e9rants et bouleversants actuels qui nous ont touch\u00e9s profond\u00e9ment en ressentant une infinie compassion pour les victimes, leurs familles endeuill\u00e9es et leurs proches traumatis\u00e9s. Apr\u00e8s le choc tr\u00e8s brutal des atroces attentats et leurs d\u00e9solations abyssales, avec une empathie sans r\u00e9serve, nous pouvons tous apporter notre soutien Fraternel, o\u00f9 que nous soyons, \u00e0 toutes celles et tous ceux qui ont \u00e9t\u00e9 profond\u00e9ment meurtris dans leur chair, pour permettre leur r\u00e9silience. Surtout, il faut \u00e9viter \u00e0 tout prix de faire des amalgames entre les croyants authentiques qui font de leur mieux pour entretenir de bonnes relations interconfessionnelles, et les ego manipul\u00e9s mentalement par des id\u00e9ologues sanguinaires assoiff\u00e9s de pouvoir qui les radicalisent. Comme hypnotis\u00e9s par des interpr\u00e9tations insens\u00e9es d&rsquo;\u00c9critures mill\u00e9naires, qui pourtant pr\u00f4nent l&rsquo;Amour Inconditionnel dans l&rsquo;Unit\u00e9 Fraternelle, ils deviennent potentiellement dangereux pour l&rsquo;humanit\u00e9 jusqu&rsquo;\u00e0 l&rsquo;insupportable passage aux actes funestes : robotis\u00e9s par des suggestions faisant l&rsquo;apologie de la haine de ceux qui pensent diff\u00e9remment de leur parano\u00efa. Leur perte de rep\u00e8re dans la vie courante va jusqu&rsquo;\u00e0 les pousser \u00e0 commettre des actes barbares irr\u00e9parables qui nous glacent d&rsquo;effroi en nous figeant dans la sid\u00e9ration le temps de l&rsquo;incompr\u00e9hension, \u00e0 l&rsquo;instant o\u00f9 nous avons eu connaissance des horreurs inqualifiables. Il s&rsquo;agit d&rsquo;une minorit\u00e9 d&rsquo;individus gravement perturb\u00e9s qui n&rsquo;a rien \u00e0 voir avec la majorit\u00e9 des pratiquants sinc\u00e8res essayant, comme tous les \u00a0\u00bbchercheurs\u00a0\u00bb authentiques de faire tout leur possible pour vivre en toute Fraternit\u00e9 dans le respect total de tous les chemins spirituels. La fausse interpr\u00e9tation cr\u00e9e la division qui est source de toutes les guerres. Les oppos\u00e9s bellig\u00e9rants sont toujours perdants ; l&rsquo;Unit\u00e9 est \u00c9ternellement Gagnante et Victorieuse face aux situations les plus inextricables&#8230;<\/span><\/strong><\/h3>\n<h3><strong><span style=\"font-family: georgia,palatino; font-size: small;\">&#8230;Comme nous l\u2019avons d\u00e9j\u00e0 \u00e9voqu\u00e9 dans des livres pr\u00e9c\u00e9dents, il revient \u00e0 chacun de faire sa part en restant toujours attentif au respect mutuel des diff\u00e9rents \u00e9tats de conscience. \u00a0\u00bbIl n&rsquo;y a rien de nouveau sous le soleil.\u00a0\u00bb Pour donner sens \u00e0 notre quotidien, le \u00a0\u00bbconnais-toi toi-m\u00eame&#8230;\u00a0\u00bb est un soutien de tous les instants d\u00e9j\u00e0 transmis dans les si\u00e8cles les plus recul\u00e9s. Par exemple, en toute libert\u00e9, vous pouvez approfondir le TAO T\u00d6 KING de Lao Tseu (naissance vers 590 av J-C ? ), et m\u00e9diter certains passages \u00e9loquents suivant l\u2019\u00e9lan de votre Coeur. Toujours br\u00fblants d\u2019actualit\u00e9, ils peuvent \u00eatre utiles \u00e0 l\u2019Ouverture au SOI en Pleine Conscience, afin que nous soyons des artisans ontologistes actifs et utiles \u00e0 l\u2019\u00e9panouissement de la Vie, en oeuvrant \u00e0 notre juste place au b\u00e9n\u00e9fice de tous. Nous vivons dans un Cosmos, ce qui signifie un Univers Organis\u00e9 o\u00f9 l&rsquo;Ordre est Naturel et non le chaos. Ne cessons pas de nous rappeler que l&rsquo;Harmonie est la Loi de L&rsquo;\u00caTRE qui nous fait \u00eatre et nous anime tous impartialement. Si chacun fait de son mieux dans sa sph\u00e8re de vie, le monde entier finira par en \u00eatre b\u00e9n\u00e9ficiaire : libert\u00e9 nous est donn\u00e9e de choisir l\u2019Amour Inconditionnel comme moteur indiff\u00e9renci\u00e9 de la Conscience que nous sommes R\u00e9ellement. LE UN est UN sans autre. En toute circonstance, gardons la conviction in\u00e9branlable que l\u2019Amour Inconditionnel, Impersonnel, Universel est plus puissant que tous les contraires apparents : dans la R\u00e9alit\u00e9 Absolue, c\u2019est L\u2019\u00caTRE-JE SUIS en mouvement qui est LE BIEN-BON-BEAU-PARFAIT Immuable, c&rsquo;est-\u00e0-dire L\u2019INFINI Invuln\u00e9rable en action. Les actes pos\u00e9s au jour le jour, inspir\u00e9s par le Coeur, ont toujours plus de valeur que des bonnes intentions \u2018\u2019mentalis\u00e9es\u2019\u2019 report\u00e9es \u00e0 plus tard. La d\u00e9cision d\u2019\u00eatre Acteur de Vie tout de suite, ou de rester passif \u00e0 subir de telles horreurs, appartient \u00e0 chacun : Libert\u00e9 d&rsquo;\u00caTRE ou de ne pas \u00eatre, est un choix \u00e0 prendre, sans contrainte, en l&rsquo;\u00e2me et conscience de chaque Identit\u00e9 Spirituelle. Confiance sereine ou peur paralysante est fonction de ce sur quoi nous arr\u00eatons notre attention : LA SOURCE-VIE, Bonne et Unitaire, qui Nous fait \u00eatre ou la personnalit\u00e9 dualiste qui s&rsquo;en croit s\u00e9par\u00e9e, livr\u00e9e \u00e0 elle-m\u00eame en entretenant le bien et le mal, avec la notion de destin impos\u00e9, de chance ou de fatalit\u00e9 ? Quotidiennement, en toutes circonstances, rappelons-nous la R\u00e8gle d&rsquo;Or :\u00a0\u00bb Ce que vous voulez que les hommes fassent pour vous, faites-le de m\u00eame pour eux\u00a0\u00bb&#8230;en premier ! (La bible = Proverbes 4:23)<\/span><\/strong><\/h3>\n<h3><strong><span style=\"font-family: georgia,palatino; font-size: small;\">La s\u00e9r\u00e9nit\u00e9 est communicative, contagieuse tout comme le bien-\u00eatre et aussi le sourire sinc\u00e8re qui est international puisqu&rsquo;il n&rsquo;a pas besoin de traducteur. La violence est faiblesse de l&rsquo;ego dualiste ; la douceur est Puissance de la Conscience Unitaire. L&rsquo;Art, c&rsquo;est aimer la Vie en mettant en valeur Son Infinie Beaut\u00e9. C&rsquo;est pourquoi \u00eatre artisan, c&rsquo;est aimer oeuvrer de ses mains librement, avec le Coeur \u00a0\u00bbgrand ouvert\u00a0\u00bb, pour glorifier la Vie, en r\u00e9v\u00e9lant sa propre vocation b\u00e9n\u00e9fique \u00e0 la collectivit\u00e9&#8230;<\/span><\/strong><\/h3>\n<h3><strong><span style=\"font-family: georgia,palatino; font-size: small;\">Nous vivons en interrelation permanente sur les longueurs d\u2019ondes que nous choisissons consciemment ou inconsciemment, influen\u00e7ant tous ceux qui y sont accord\u00e9s suivant leur propre choix. C&rsquo;est seulement l&rsquo;id\u00e9e \u00a0\u00bbprogramm\u00e9e\u00a0\u00bb dans le subconscient qui porte du \u00a0\u00bbfruit\u00a0\u00bb (prend une forme visible). Sans la pens\u00e9e ressentie, rien ne peut \u00eatre manifest\u00e9. Avec la peur, c&rsquo;est la d\u00e9solation ; avec l&rsquo;Amour, c&rsquo;est la motivation d&rsquo;\u00eatre vivant dans la joie partag\u00e9e avec nos semblables. La contemplation int\u00e9rieure (le regard, la vision&#8230;) est d\u00e9terminante de nos exp\u00e9riences au jour le jour. Notre contenu est notre v\u00e9cu avec une pr\u00e9cision absolue. Dedans et dehors sont UN dans la Conscience Unique que Nous sommes R\u00e9ellement&#8230;<\/span><\/strong><\/h3>\n<h3><strong><span style=\"font-family: georgia,palatino; font-size: small;\">Le mal-\u00eatre avec soi fait ressentir un mal-\u00eatre avec le monde entier. Le changement d\u2019optique, par une remise en cause de soi et de ses points de vue, permet de se r\u00e9concilier avec soi-m\u00eame et simultan\u00e9ment d\u2019am\u00e9liorer sa vision sur autrui. L\u2019ego, dans son \u00e9garement, divise, s\u00e9pare, oppose, provoque la souffrance et le malheur. L\u2019\u00caTRE, \u00c9veill\u00e9 au Soi R\u00e9el, rassemble, unit, f\u00e9d\u00e8re dans le partage du bien-\u00eatre et de la joie d&rsquo;avoir la capacit\u00e9 de vivre ensemble le Bonheur Supr\u00eame&#8230;<\/span><\/strong><\/h3>\n<h3><strong><span style=\"font-family: georgia,palatino; font-size: small;\">Il y a trois niveaux de lecture des \u00c9critures dites Sacr\u00e9es : litt\u00e9rale, symbolique, Spirituelle (ontologique). Par exemple, en lecture \u00a0\u00bb\u00c9clair\u00e9e\u00a0\u00bb l&rsquo;homme repr\u00e9sente le conscient et la femme le subconscient ; la montagne correspond \u00e0 l&rsquo;\u00c9l\u00e9vation de conscience = l&rsquo;exp\u00e9rience de Conscience Cosmique \u2026 Avec cet \u00c9clairage tous les textes prennent une autre dimension dans la d\u00e9couverte du \u00ab Qui suis-je Vraiment ? \u00bb Des adages ontologiques nous invitent \u00e0 la plus Belle des rencontres qui est Celle de se rencontrer Soi-M\u00eame Vraiment au Coeur de L&rsquo;\u00caTRE en SOI, comme par exemples: \u00ab\u00a0Connais-toi toi-m\u00eame et tu conna\u00eetras l&rsquo;Univers et les Dieux&#8230; sans exc\u00e8s.\u00a0\u00bb&#8230;\u00a0\u00bbDieu est Parfait, donc Il existe.\u00a0\u00bb De plus, voici des citations de diff\u00e9rentes confessions qui permettent \u00e0 chacun librement de forger sa propre conviction pour oeuvrer ensemble \u00e0 b\u00e2tir un monde le meilleur possible :<\/span><\/strong><\/h3>\n<h3><strong><span style=\"font-family: georgia,palatino; font-size: small;\">J\u00e9sus = \u00a0\u00bbAimez-vous les uns les autres comme je vous ai aim\u00e9s.\u00a0\u00bb&#8230;&rsquo;Ne jugez pas selon les apparences, mais jugez selon le jugement juste.\u00a0\u00bb&#8230;<\/span><\/strong><\/h3>\n<h3><strong><span style=\"font-family: georgia,palatino; font-size: small;\">La Bible =\u00a0\u00bbQue tout ce que vous faites se fasse avec amour.\u00a0\u00bb (1.Cor 16:14)&#8230;<\/span><\/strong><\/h3>\n<h3><strong><span style=\"font-family: georgia,palatino; font-size: small;\">Le Coran = \u00a0\u00bbNe tuez pas la personne humaine, car Allah l&rsquo;a d\u00e9clar\u00e9e sacr\u00e9e.\u00a0\u00bb(VI.151)&#8230;<\/span><\/strong><\/h3>\n<h3><strong><span style=\"font-family: georgia,palatino; font-size: small;\">Le Talmud = \u00a0\u00bbNe fais pas \u00e0 autrui ce que tu n&rsquo;aimerais pas qu&rsquo;il te fasse\u00a0\u00bb<\/span><\/strong><\/h3>\n<h3><strong><span style=\"font-family: georgia,palatino; font-size: small;\">La Torah = \u00a0\u00bbL&rsquo;\u00c9ternel, notre Dieu, est unique.\u00a0\u00bb<\/span><\/strong><\/h3>\n<h3><strong><span style=\"font-family: georgia,palatino; font-size: small;\">Bouddha = \u00a0\u00bbOn peut allumer des dizaines de bougies \u00e0 partir d&rsquo;une seule sans en abr\u00e9ger la vie. On ne diminue pas le bonheur en le partageant.\u00a0\u00bb&#8230;\u00a0\u00bbRester en col\u00e8re, c&rsquo;est comme saisir un charbon ardent avec l&rsquo;intention de le jeter sur quelqu&rsquo;un ; c&rsquo;est vous qui vous br\u00fblez.\u00a0\u00bb \u2026<\/span><\/strong><\/h3>\n<h3><strong><span style=\"font-family: georgia,palatino; font-size: small;\">La Bhagavad-G\u00eeta = \u00a0\u00bbRegarde en toi, tu es Bouddha.\u00a0\u00bb&#8230;<\/span><\/strong><\/h3>\n<h3><strong><span style=\"font-family: georgia,palatino; font-size: small;\">Les Upanishads = \u00a0\u00bbLe monde entier est Esprit ; il n&rsquo;y a rien d&rsquo;autre dans la R\u00e9alit\u00e9. Accepte et adh\u00e8re \u00e0 cette vision des choses, et demeure en paix.\u00a0\u00bb&#8230;<\/span><\/strong><\/h3>\n<h3><strong><span style=\"font-family: georgia,palatino; font-size: small;\">Le Veda = \u00a0\u00bbIl y a Une Seule V\u00e9rit\u00e9, plusieurs chemins.\u00a0\u00bb&#8230;<\/span><\/strong><\/h3>\n<h3><strong><span style=\"font-family: georgia,palatino; font-size: small;\">L&rsquo;Adva\u00efta-Ved\u00e2nta = \u00a0\u00bbL&rsquo;\u00e2me individuelle n&rsquo;est autre que l&rsquo;\u00c2me Universelle.\u00a0\u00bb<\/span><\/strong><\/h3>\n<h3><strong><span style=\"font-family: georgia,palatino; font-size: small;\">Le Tao T\u00f6 King = \u00a0\u00bbL&rsquo;origine de tous les \u00e9l\u00e9ments et \u00eatres est le Tao qui est intangible, permanent et ineffable.\u00a0\u00bb&#8230;<\/span><\/strong><\/h3>\n<h3><strong><span style=\"font-family: georgia,palatino; font-size: small;\">Il existe de nombreux mouvements philosophiques dont voici d&rsquo;autres citations convergentes avec des mots diff\u00e9rents pour d\u00e9montrer que \u00a0\u00bbSeul l&rsquo;Amour suffit.\u00a0\u00bb. \u00c0 chacun son libre chemin vers LE SOI qui Unit :<\/span><\/strong><\/h3>\n<h3><strong><span style=\"font-family: georgia,palatino; font-size: small;\">La th\u00e9osophie = \u00ab\u00a0Avant de faire ton premier pas, apprends \u00e0 discerner le vrai du faux, le toujours fuyant du toujours durable. Par-dessus tout, apprends \u00e0 s\u00e9parer la science de la t\u00eate de la Sagesse de l&rsquo;\u00c2me, la doctrine de l&rsquo;oeil de celle du Coeur.\u00a0\u00bb&#8230;<\/span><\/strong><\/h3>\n<h3><strong><span style=\"font-family: georgia,palatino; font-size: small;\">La Franc-Ma\u00e7onnerie = \u00ab\u00a0est un Ordre initiatique traditionnel et universel fond\u00e9 sur la Fraternit\u00e9.\u00a0\u00bb\u2026<\/span><\/strong><\/h3>\n<h3><strong><span style=\"font-family: georgia,palatino; font-size: small;\">La Rose-Croix = \u00ab\u00a0est un Ordre Fraternel herm\u00e9tiste chr\u00e9tien pour partager un \u00e9tat de perfection spirituelle et morale.\u00a0\u00bb<\/span><\/strong><\/h3>\n<h3><strong><span style=\"font-family: georgia,palatino; font-size: small;\">Le Martinisme = \u00ab\u00a0est un Ordre Fraternel,\u2026\u00a0\u00bbest un Courant de pens\u00e9es Fraternelles, fond\u00e9 en 1887\u2026\u2019\u2019\u2026<\/span><\/strong><\/h3>\n<h3><strong><span style=\"font-family: georgia,palatino; font-size: small;\">Il y a aussi les Compagnons du Devoir qui font un travail remarquable au sein de notre soci\u00e9t\u00e9 et nous offre \u00e0 m\u00e9diter et mettre en pratique la maxime suivante :<\/span><\/strong><\/h3>\n<h3><strong><span style=\"font-family: georgia,palatino; font-size: small;\">\u00a0\u00bbNi s&rsquo;asservir, ni se servir mais servir.\u00a0\u00bb Avec une deuxi\u00e8me version : \u00a0\u00bbServir sans s&rsquo;asservir ni se servir.\u00a0\u00bb<\/span><\/strong><\/h3>\n<h3><strong><span style=\"font-family: georgia,palatino; font-size: small;\">Nous avons Tous la capacit\u00e9 d&rsquo;\u00eatre des artisans ontologistes actifs au Service les uns des autres pour un Bonheur partag\u00e9 \u00e9quitablement. Cela est en Nous ! Cela ne d\u00e9pend que de Nous ! Dans l&rsquo;Univers entier, aucune Identit\u00e9 Spirituelle n&rsquo;est exclue de la F\u00e9licit\u00e9 de l&rsquo;Absolu puisque Cela est la Vocation de Tous en tant que l&rsquo;\u00c9nergie Cosmique en mouvement. L&rsquo;Harmonie In\u00e9branlable est la Loi de L&rsquo;\u00caTRE ; la Perfection ind\u00e9fectible est Sa Nature Permanente. Son Plan \u00c9ternel, sans discrimination de race, de religion, de partie politique, etc&#8230; est L&rsquo;EXCELLENCE de toutes Ses formes manifest\u00e9es en Unit\u00e9 R\u00e9alis\u00e9e gr\u00e2ce \u00e0 l&rsquo;Identification V\u00e9ritable v\u00e9cue en Pleine Conscience. Apprenons \u00e0 vivre en faisant confiance \u00e0 l&rsquo;Amour en action en \u00e9tant l&rsquo;Action de cet Amour, en d\u00e9cidant avec une Grande Joie d&rsquo;Aimer\u00a0 <\/span><\/strong><strong><span style=\"font-family: georgia,palatino; font-size: small;\">servir la Vie. Le rire est bon pour la sant\u00e9, comme avoir des Amis Authentiques est bon pour le moral, surtout dans les moments plus difficiles \u00e0 traverser. Antoine de Saint Exup\u00e9ry nous a donn\u00e9 un bon conseil :\u00a0\u00bbVeux-tu \u00eatre heureux ? Donne du bonheur.\u00a0\u00bb<\/span><\/strong><\/h3>\n<h3><strong><span style=\"font-family: georgia,palatino; font-size: small;\">Accueillir, c&rsquo;est b\u00e9nir pour s&rsquo;\u00e9panouir ensemble au R\u00e9el Soi. Comme le disait Pythagore (580 \u00e0 vers 495 av JC) :\u00a0\u00bbNous sommes des compagnons de voyage\u00a0\u00bb&#8230; sur l&rsquo;Excellent Chemin de la Grande Vie. Nous sommes faits pour \u00eatre heureux ensemble. \u00c9tant \u00e9gaux int\u00e9rieurement, nous avons tous le m\u00eame Vrai r\u00f4le : rendre libre et non d\u00e9pendant, pour un enrichissement mutuel, en agissant avec altruisme, dans la joie du don sans calcul qui rend heureux. Pour \u00eatre le plus efficace possible afin de s&rsquo;aider soi-m\u00eame ou aider notre prochain, il est indispensable de clarifier notre fa\u00e7on de fonctionner \u00e0 l&rsquo;intime de nous-m\u00eames, en m\u00e9ditant avec pers\u00e9v\u00e9rance pour int\u00e9grer cette \u00e9vidence spirituelle : \u00ab Il n&rsquo;y a pas de \u00a0\u00bbdevenir\u00a0\u00bb dans L&rsquo;\u00caTRE. Tant que je crois que je ne suis pas, je ne peux pas \u00eatre. JE SUIS est d\u00e9j\u00e0 JE SUIS depuis toujours et pour toujours, partout \u00e0 la fois. \u00bb Durant le si\u00e8cle des Lumi\u00e8res, Voltaire nous a transmis ce message pragmatique :\u00a0\u00bbNous sommes des missionnaires la\u00efques.\u00a0\u00bb Qu&rsquo;est-ce que cela nous inspire ? Qu&rsquo;en faisons-nous ?&#8230;<\/span><\/strong><\/h3>\n<h3 style=\"text-align: center;\"><strong><span style=\"font-family: georgia,palatino; font-size: small;\">Notre Vrai R\u00f4le consiste \u00e0 s<\/span><\/strong><strong><span style=\"font-family: georgia,palatino; font-size: small;\">&lsquo;Identifier Vraiment et Contempler LE BIEN,<\/span><\/strong><br \/>\n<strong><span style=\"font-family: georgia,palatino; font-size: small;\">pour exp\u00e9rimenter en Pleine Conscience,<\/span><\/strong><br \/>\n<strong><span style=\"font-family: georgia,palatino; font-size: small;\">avec Amour et Gratitude.<\/span><\/strong><\/h3>\n<h3 style=\"text-align: right;\"><strong><span style=\"font-family: georgia,palatino; font-size: small;\">Le 25 Novembre 2015 &#8211; Louis Tissot<\/span><\/strong><\/h3>\n<h3 style=\"text-align: right;\"><strong><span style=\"font-family: georgia,palatino; font-size: small;\">(Extraits)<\/span><\/strong><\/h3>\n<h3><strong><img class=\"aligncenter\" src=\"\/wp-content\/uploads\/2020\/12\/554041.jpg\" alt=\"IMG 3263 2\" \/><\/strong><\/h3>\n<\/td>\n<\/tr>\n<\/tbody>\n<\/table>\n","protected":false},"excerpt":{"rendered":"<p>\u00caTRE ARTISAN ONTOLOGISTE (Extraits) \u00b0 \u00b0\u00a0\u00a0\u00a0\u00a0\u00a0 \u00a0 \u00a0 \u00a0\u00a0 \u00b0 Ne pas subir, \u00caTRE pour transmettre Ha\u00efr jamais, AIMER toujours Sans asservir, SERVIR Inconditionnellement \u00b0\u00b0\u00b0 Qui peut se contenter d&rsquo;\u00eatre laxiste face \u00e0 la souffrance et au mal-\u00eatre de nos contemporains ? Qui peut rester insensible \u00e0 la barbarie inqualifiable et rester sans rien entreprendre [&hellip;]<\/p>\n","protected":false},"author":1,"featured_media":0,"parent":0,"menu_order":0,"comment_status":"closed","ping_status":"closed","template":"","meta":[],"_links":{"self":[{"href":"https:\/\/www.louistissot.net\/index.php?rest_route=\/wp\/v2\/pages\/431"}],"collection":[{"href":"https:\/\/www.louistissot.net\/index.php?rest_route=\/wp\/v2\/pages"}],"about":[{"href":"https:\/\/www.louistissot.net\/index.php?rest_route=\/wp\/v2\/types\/page"}],"author":[{"embeddable":true,"href":"https:\/\/www.louistissot.net\/index.php?rest_route=\/wp\/v2\/users\/1"}],"replies":[{"embeddable":true,"href":"https:\/\/www.louistissot.net\/index.php?rest_route=%2Fwp%2Fv2%2Fcomments&post=431"}],"version-history":[{"count":4,"href":"https:\/\/www.louistissot.net\/index.php?rest_route=\/wp\/v2\/pages\/431\/revisions"}],"predecessor-version":[{"id":1368,"href":"https:\/\/www.louistissot.net\/index.php?rest_route=\/wp\/v2\/pages\/431\/revisions\/1368"}],"wp:attachment":[{"href":"https:\/\/www.louistissot.net\/index.php?rest_route=%2Fwp%2Fv2%2Fmedia&parent=431"}],"curies":[{"name":"wp","href":"https:\/\/api.w.org\/{rel}","templated":true}]}}