{"id":458,"date":"2020-12-28T10:40:06","date_gmt":"2020-12-28T09:40:06","guid":{"rendered":"http:\/\/lrufdqb.cluster030.hosting.ovh.net\/?page_id=458"},"modified":"2020-12-28T10:40:06","modified_gmt":"2020-12-28T09:40:06","slug":"ondes-communicatives","status":"publish","type":"page","link":"https:\/\/www.louistissot.net\/?page_id=458","title":{"rendered":"ONDES COMMUNICATIVES"},"content":{"rendered":"<table width=\"100%\" cellpadding=\"0\" cellspacing=\"0\">\n<tbody>\n<tr>\n<td align=\"left\">\n<p style=\"text-align: center;\"><strong><span style=\"font-family: georgia,palatino; font-size: small;\"><img src=\"\/wp-content\/uploads\/2020\/12\/557976.jpg\" alt=\"IMG 2890 2\"><\/span><\/strong><\/p>\n<p style=\"text-align: center;\"><strong><span style=\"font-family: georgia,palatino; font-size: small;\">ONDES COMMUNICATIVES<\/span><\/strong><\/p>\n<p style=\"text-align: center;\"><strong><span style=\"font-family: georgia,palatino; font-size: small;\">\u00b0<\/span><\/strong><\/p>\n<p style=\"text-align: center;\"><strong><span style=\"font-family: georgia,palatino; font-size: small;\">\u00b0&nbsp;&nbsp;&nbsp;&nbsp;&nbsp;&nbsp;&nbsp; \u00b0<\/span><\/strong><\/p>\n<p style=\"text-align: center;\"><strong><span style=\"font-family: georgia,palatino; font-size: small;\"><\/span><\/strong><span style=\"font-family: georgia,palatino; font-size: small;\">L&rsquo;\u00caTRE est L&rsquo;\u00c9NERGIE de toutes les formes<\/span><\/p>\n<p>Notre monde dit \u00a0\u00bbmat\u00e9riel\u00a0\u00bb est-il fixe comme il semble<br \/>\nou mouvant dans ses structures ?<br \/>\nN&rsquo;est-ce pas des atomes, des \u00e9lectrons, des protons, des neutrons&#8230;<br \/>\nqui vibrent et s&rsquo;amalgament<br \/>\npour former ce qui est appel\u00e9 \u00a0\u00bbmati\u00e8re\u00a0\u00bb ?<br \/>\nDoutons-nous encore des ondes radio<br \/>\nqui ne sont pas visibles \u00e0 l&rsquo;oeil nu ?<br \/>\nO\u00f9 se situe \u00a0\u00bbla Plus Haute Fr\u00e9quence\u00a0\u00bb<br \/>\nqui est celle du Bonheur Durable Inalt\u00e9rable pour Tous ?<br \/>\nComment est-il possible d&rsquo;y avoir acc\u00e8s en permanence ?<\/p>\n<p style=\"text-align: center;\"><span style=\"font-family: georgia,palatino; font-size: small;\">\u00b0\u00b0\u00b0<br \/>\nRien n&rsquo;est fig\u00e9. L&rsquo;apparence est mouvance.<br \/>\nCe qui semble fixe est illusoire car en constante transformation.<br \/>\nLe son traverse les murs et \u00e0 une incidence sur notre comportement g\u00e9n\u00e9ral.<br \/>\nDe m\u00eame, la musique nous impr\u00e8gne soit pour dynamiser ou adoucir les moeurs.<br \/>\nChacun vibre au rythme particulier de son \u00e9tat de conscience du moment.<br \/>\nLe chant m\u00e9lodieux apaise en \u00e9tant propice \u00e0 la r\u00eaverie.<br \/>\nNous sommes Enti\u00e8rement de l&rsquo;\u00c9nergie en perp\u00e9tuel mouvement<br \/>\ndans la Conscience T\u00e9moin Originelle Statique Infinie.<br \/>\nLa perspicacit\u00e9 nous fait d\u00e9couvrir naturellement<br \/>\nque tout est \u00e9lectrique, magn\u00e9tique et \u00e9lectromagn\u00e9tique.<br \/>\nNous partageons sans cesse des informations<br \/>\nsuivant la longueur d&rsquo;onde que nous choisissons d&rsquo;\u00e9mettre.<br \/>\nNous entrons en relation avec notre environnement par le Coeur<br \/>\nd&rsquo;o\u00f9 Rayonne LE MEILLEUR en tout,<br \/>\nb\u00e9n\u00e9fique \u00e0 tous ceux qui font le choix d&rsquo;y \u00eatre r\u00e9ceptifs.<br \/>\n\u00a0\u00bbLa parole qui sort de ma bouche<br \/>\nne revient pas \u00e0 moi sans effet,<br \/>\net sans avoir accompli<br \/>\nce pourquoi je l&rsquo;ai envoy\u00e9e.\u00a0\u00bb<\/span><\/p>\n<p style=\"text-align: center;\"><span style=\"font-family: georgia,palatino; font-size: small;\">\u00b0\u00b0\u00b0<br \/>\nL&rsquo;\u00c9veil aux comp\u00e9tences mutuelles est Harmonie de l&rsquo;ensemble,<br \/>\n\u00e0 l&rsquo;image des cellules de notre corps qui communiquent entre elles<br \/>\nen ob\u00e9issant aux instructions que nous leur donnons,<br \/>\nsuivant le choix de nos pens\u00e9es,<br \/>\nsentiments ou \u00e9motions (conscients ou inconscients).<br \/>\nDe m\u00eame, \u00e9coutons la Pr\u00e9sence Infinie dans le Silence Int\u00e9rieur<br \/>\npour ob\u00e9ir avec enthousiasme,<br \/>\nen transformant les Inspirations (Intuitions- Visions) en actes.<br \/>\nAinsi, chacun a la capacit\u00e9 de vivre \u00e0 Sa Juste Place<br \/>\nen accomplissant le Service Parfait,<br \/>\ncomme une cellule du Grand Corps Cosmique<br \/>\nsolidaire avec toutes les autres cellules Universelles.<br \/>\nLE UN est Tous&#8230;<\/span><\/p>\n<p>\u00b0\u00b0\u00b0<\/p>\n<p style=\"text-align: center;\"><span style=\"font-family: georgia,palatino; font-size: small;\">2014 &#8211; Louis Tissot<br \/>\n(Extraits du livre\u00a0\u00bb\u00caTRE SOI VRAIMENT\u00a0\u00bb)<br \/>\n<\/span><\/p>\n<p style=\"text-align: center;\"><span style=\"font-family: georgia,palatino; font-size: small;\"><img src=\"\/wp-content\/uploads\/2020\/12\/557977.jpg\" alt=\"IMG2752 2\"><\/span><\/p>\n<\/td>\n<\/tr>\n<\/tbody>\n<\/table>\n","protected":false},"excerpt":{"rendered":"<p>ONDES COMMUNICATIVES \u00b0 \u00b0&nbsp;&nbsp;&nbsp;&nbsp;&nbsp;&nbsp;&nbsp; \u00b0 L&rsquo;\u00caTRE est L&rsquo;\u00c9NERGIE de toutes les formes Notre monde dit \u00a0\u00bbmat\u00e9riel\u00a0\u00bb est-il fixe comme il semble ou mouvant dans ses structures ? N&rsquo;est-ce pas des atomes, des \u00e9lectrons, des protons, des neutrons&#8230; qui vibrent et s&rsquo;amalgament pour former ce qui est appel\u00e9 \u00a0\u00bbmati\u00e8re\u00a0\u00bb ? Doutons-nous encore des ondes radio qui [&hellip;]<\/p>\n","protected":false},"author":1,"featured_media":0,"parent":0,"menu_order":0,"comment_status":"closed","ping_status":"closed","template":"","meta":[],"_links":{"self":[{"href":"https:\/\/www.louistissot.net\/index.php?rest_route=\/wp\/v2\/pages\/458"}],"collection":[{"href":"https:\/\/www.louistissot.net\/index.php?rest_route=\/wp\/v2\/pages"}],"about":[{"href":"https:\/\/www.louistissot.net\/index.php?rest_route=\/wp\/v2\/types\/page"}],"author":[{"embeddable":true,"href":"https:\/\/www.louistissot.net\/index.php?rest_route=\/wp\/v2\/users\/1"}],"replies":[{"embeddable":true,"href":"https:\/\/www.louistissot.net\/index.php?rest_route=%2Fwp%2Fv2%2Fcomments&post=458"}],"version-history":[{"count":1,"href":"https:\/\/www.louistissot.net\/index.php?rest_route=\/wp\/v2\/pages\/458\/revisions"}],"predecessor-version":[{"id":460,"href":"https:\/\/www.louistissot.net\/index.php?rest_route=\/wp\/v2\/pages\/458\/revisions\/460"}],"wp:attachment":[{"href":"https:\/\/www.louistissot.net\/index.php?rest_route=%2Fwp%2Fv2%2Fmedia&parent=458"}],"curies":[{"name":"wp","href":"https:\/\/api.w.org\/{rel}","templated":true}]}}