{"id":467,"date":"2020-12-28T10:50:26","date_gmt":"2020-12-28T09:50:26","guid":{"rendered":"http:\/\/lrufdqb.cluster030.hosting.ovh.net\/?page_id=467"},"modified":"2022-12-10T15:48:28","modified_gmt":"2022-12-10T14:48:28","slug":"bienfaits","status":"publish","type":"page","link":"https:\/\/www.louistissot.net\/?page_id=467","title":{"rendered":"BIENFAITS"},"content":{"rendered":"<table width=\"100%\" cellspacing=\"0\" cellpadding=\"0\">\n<tbody>\n<tr>\n<td align=\"left\">\n<p style=\"text-align: center;\"><strong><span style=\"font-family: georgia,palatino; font-size: small;\"><img src=\"\/wp-content\/uploads\/2020\/12\/524057.jpg\" alt=\"100-0214\" \/><\/span><\/strong><\/p>\n<h3 style=\"text-align: center;\"><strong><span style=\"font-family: georgia,palatino; font-size: small;\">BIENFAITS DE L\u2019\u00c9VEIL ACCOMPLI<\/span><\/strong><\/h3>\n<h3 style=\"text-align: center;\"><span style=\"font-family: georgia,palatino; font-size: small;\">\u00b0<\/span><br \/>\n<span style=\"font-family: georgia,palatino; font-size: small;\">\u00b0\u00a0\u00a0\u00a0\u00a0\u00a0\u00a0 <\/span><span style=\"font-family: georgia,palatino; font-size: small;\">\u00b0<\/span><\/h3>\n<h3 style=\"text-align: center;\"><span style=\"font-family: georgia,palatino; font-size: small;\">S\u2019\u00e9merveiller de la Beaut\u00e9 de l\u2019\u00caTRE.<\/span><\/h3>\n<h3 style=\"text-align: center;\"><span style=\"font-family: georgia,palatino; font-size: small;\">Appr\u00e9cier la Bont\u00e9 de l\u2019\u00caTRE.<\/span><\/h3>\n<h3 style=\"text-align: center;\"><span style=\"font-family: georgia,palatino; font-size: small;\">Go\u00fbter la F\u00e9licit\u00e9 de l\u2019\u00caTRE.<\/span><\/h3>\n<h3 style=\"text-align: center;\"><span style=\"font-family: georgia,palatino; font-size: small;\">R\u00e9aliser \u00eatre l\u2019ENTIER de l\u2019\u00caTRE.<\/span><\/h3>\n<h3 style=\"text-align: center;\"><span style=\"font-family: georgia,palatino; font-size: small;\">Ressentir l\u2019Harmonie de l\u2019\u00caTRE.<\/span><\/h3>\n<h3 style=\"text-align: center;\"><span style=\"font-family: georgia,palatino; font-size: small;\">Int\u00e9grer la Connaissance de l\u2019\u00caTRE.<\/span><\/h3>\n<h3 style=\"text-align: center;\"><span style=\"font-family: georgia,palatino; font-size: small;\">\u00catre Transparence dans la Perfection de l\u2019\u00caTRE.<\/span><\/h3>\n<h3 style=\"text-align: center;\"><span style=\"font-family: georgia,palatino; font-size: small;\">\u00catre Authenticit\u00e9 dans la V\u00e9rit\u00e9 de l\u2019\u00caTRE.<\/span><\/h3>\n<h3 style=\"text-align: center;\"><span style=\"font-family: georgia,palatino; font-size: small;\">\u00catre Combl\u00e9 par l\u2019Abondance de l\u2019\u00caTRE.<\/span><\/h3>\n<h3 style=\"text-align: center;\"><span style=\"font-family: georgia,palatino; font-size: small;\">Vivre en Unit\u00e9 en tant que Conscience d\u2019\u00eatre.<\/span><\/h3>\n<h3 style=\"text-align: center;\"><span style=\"font-family: georgia,palatino; font-size: small;\">Exp\u00e9rimenter l\u2019\u00c9veil \u00e0 l\u2019\u00caTRE en train d\u2019\u00eatre.<\/span><\/h3>\n<h3 style=\"text-align: center;\"><span style=\"font-family: georgia,palatino; font-size: small;\">Partager la Joie d\u2019\u00eatre L\u2019\u00caTRE.<\/span><\/h3>\n<h3 style=\"text-align: center;\">\u00b0\u00b0\u00b0<\/h3>\n<h3 style=\"text-align: center;\"><span style=\"font-family: georgia,palatino; font-size: small;\">Novembre 2010 \u2013 Louis Tissot<\/span><\/h3>\n<h3 style=\"text-align: center;\"><span style=\"font-family: georgia,palatino; font-size: small;\">(Extrait du livre \u00ab Illumination Spirituelle \u00bb enregistr\u00e9 sur CD MP3)<\/span><\/h3>\n<h3 style=\"text-align: center;\"><\/h3>\n<h3 style=\"text-align: center;\"><span style=\"font-family: georgia,palatino; font-size: small;\"><img class=\"aligncenter\" src=\"\/wp-content\/uploads\/2020\/12\/524064.jpg\" alt=\"100-1411\" \/><\/span><\/h3>\n<\/td>\n<\/tr>\n<\/tbody>\n<\/table>\n","protected":false},"excerpt":{"rendered":"<p>BIENFAITS DE L\u2019\u00c9VEIL ACCOMPLI \u00b0 \u00b0\u00a0\u00a0\u00a0\u00a0\u00a0\u00a0 \u00b0 S\u2019\u00e9merveiller de la Beaut\u00e9 de l\u2019\u00caTRE. Appr\u00e9cier la Bont\u00e9 de l\u2019\u00caTRE. Go\u00fbter la F\u00e9licit\u00e9 de l\u2019\u00caTRE. R\u00e9aliser \u00eatre l\u2019ENTIER de l\u2019\u00caTRE. Ressentir l\u2019Harmonie de l\u2019\u00caTRE. Int\u00e9grer la Connaissance de l\u2019\u00caTRE. \u00catre Transparence dans la Perfection de l\u2019\u00caTRE. \u00catre Authenticit\u00e9 dans la V\u00e9rit\u00e9 de l\u2019\u00caTRE. \u00catre Combl\u00e9 par l\u2019Abondance [&hellip;]<\/p>\n","protected":false},"author":1,"featured_media":0,"parent":0,"menu_order":0,"comment_status":"closed","ping_status":"closed","template":"","meta":[],"_links":{"self":[{"href":"https:\/\/www.louistissot.net\/index.php?rest_route=\/wp\/v2\/pages\/467"}],"collection":[{"href":"https:\/\/www.louistissot.net\/index.php?rest_route=\/wp\/v2\/pages"}],"about":[{"href":"https:\/\/www.louistissot.net\/index.php?rest_route=\/wp\/v2\/types\/page"}],"author":[{"embeddable":true,"href":"https:\/\/www.louistissot.net\/index.php?rest_route=\/wp\/v2\/users\/1"}],"replies":[{"embeddable":true,"href":"https:\/\/www.louistissot.net\/index.php?rest_route=%2Fwp%2Fv2%2Fcomments&post=467"}],"version-history":[{"count":3,"href":"https:\/\/www.louistissot.net\/index.php?rest_route=\/wp\/v2\/pages\/467\/revisions"}],"predecessor-version":[{"id":1408,"href":"https:\/\/www.louistissot.net\/index.php?rest_route=\/wp\/v2\/pages\/467\/revisions\/1408"}],"wp:attachment":[{"href":"https:\/\/www.louistissot.net\/index.php?rest_route=%2Fwp%2Fv2%2Fmedia&parent=467"}],"curies":[{"name":"wp","href":"https:\/\/api.w.org\/{rel}","templated":true}]}}